{"id":4740,"date":"2025-01-16T13:52:39","date_gmt":"2025-01-16T12:52:39","guid":{"rendered":"https:\/\/keverevents.nl\/erklaerung-rallye\/"},"modified":"2025-01-16T13:52:40","modified_gmt":"2025-01-16T12:52:40","slug":"erklaerung-rallye","status":"publish","type":"page","link":"https:\/\/keverevents.nl\/de\/erklaerung-rallye\/","title":{"rendered":"Erkl\u00e4rung Rallye"},"content":{"rendered":"<div class=\"wpb-content-wrapper\">[vc_row][vc_column][vc_column_text]\n<h3>Erkl\u00e4rung Rallye<\/h3>\n<h2>Oldtimer-Rallye<\/h2>\n[\/vc_column_text][vc_row_inner][vc_column_inner][vc_column_text]<strong>Startort ermitteln<\/strong> Sie entscheiden, wo die Rallye beginnt und endet. Wir haben f\u00fcr euch einige Startorte herausgesucht, mit denen wir gute Erfahrungen gemacht haben. Selbstverst\u00e4ndlich k\u00f6nnen wir auf Wunsch eine ma\u00dfgeschneiderte Veranstaltung an jedem Ort arrangieren.    <\/p>\n<p class=\"p1\"><strong>Selbst eine Rallye fahren mit einem Roadbook  <\/strong><\/p>\n<p class=\"p1\"><span class=\"s1\"><img loading=\"lazy\" decoding=\"async\" class=\"wp-image-3358 alignright\" src=\"https:\/\/keverevents.nl\/wp-content\/uploads\/2019\/12\/route-A-naar-B-300x276.png\" alt=\"\" width=\"125\" height=\"115\">Sie und Ihr Team werden eine echte Rallye fahren. Die Rallye besteht aus 4 oder 2 Teilrouten, wobei jede Teilstrecke etwa eine halbe Stunde bis eine dreiviertel Stunde dauert. Diese werden durch Stopps unterbrochen, an denen Teameins\u00e4tze durchgef\u00fchrt werden. Eine Fotoroute, ein Punktpfeil, einander und eine mysteri\u00f6se Navigationsmethode f\u00fchren Ihr Team auf herausfordernde Weise entlang schmaler Stra\u00dfen und \u00fcber Br\u00fccken durch die l\u00e4ndliche Umgebung von Punkt A nach B. Um es sicher zu halten, gibt es unsichtbare Blitzer am Wegesrand, die Strafpunkte f\u00fcr Geschwindigkeits\u00fcberschreitungen vergeben k\u00f6nnen.     <\/span><\/p>\n<p class=\"p1\"><strong><span class=\"s1\">Checkpoints und Teamzuweisungen<\/span><\/strong><\/p>\n<p class=\"p1\"><span class=\"s1\">Nach jeder Route werden Sie an einem Checkpoint (Checkpoint) von unseren Mitarbeitern abgeholt. Hier k\u00f6nnt ihr die anderen Teilnehmer noch einmal sehen und eine Teambuilding-Aufgabe mit dem Auto spielen. Ein Beispiel daf\u00fcr ist die &#8222;Blindnavigation&#8220;.    <em>Slalomfahren mit geblendeter Brille auf Anweisung von Teamkollegen.<\/em>  Selbstverst\u00e4ndlich ist es hier auch m\u00f6glich, den Fahrer zu wechseln. Sie erhalten etwas zu trinken und leckere Erfrischungen. Die neu gewonnenen Erfahrungen des Rallyefahrens sind hier in aller Munde.    <\/span>Die Teams werden von den anderen Teams w\u00e4hrend des Teameinsatzes lautstark angefeuert. Nach einer Viertelstunde geht es weiter zum n\u00e4chsten Checkpoint. <\/p>\n<p><strong>Fast an der Ziellinie <img loading=\"lazy\" decoding=\"async\" class=\"wp-image-3356 alignnone\" src=\"https:\/\/keverevents.nl\/wp-content\/uploads\/2019\/12\/rallyvlag-e1576671716193.png\" alt=\"\" width=\"31\" height=\"21\"><\/strong> Wir machen einen Halt an einem sch\u00f6nen rustikalen Ort (Restaurant, Schloss), wo Sie eine Tasse Kaffee \/ Tee und\/oder andere K\u00f6stlichkeiten genie\u00dfen k\u00f6nnen. Ein weiterer 3. Checkpoint mit einer \u00fcberraschenden Team-Challenge und die Rallye ist fast vorbei. Im Ziel wird man unter dem Rallye-Bogen geflaggt, danach kann die Spannung dar\u00fcber abgebaut werden, wer die Strecke absolviert hat und das Team fordert am besten heraus. Unsere GPS-Systeme werden ausgelesen und die Punkte gez\u00e4hlt. Nur noch ein kleines St\u00fcck und die Feier kann beginnen&#8230;.[\/vc_column_text][\/vc_column_inner][\/vc_row_inner][vc_empty_space][vc_tabs interval=&#8220;0&#8243; tab_active_color=&#8220;#ffffff&#8220; tabs_bg=&#8220;#bfbfbf&#8220; tab_bg=&#8220;#ce0a15&#8243; el_class=&#8220;tabbladen&#8220;][vc_tab title=&#8220;Wahl des Autos&#8220; tab_id=&#8220;1578643812508-3-2&#8243;][vc_column_text]<strong><em>Option 1: Eine VW-Bus-Rallye  <\/em><\/strong><div class=\"su-spoiler su-spoiler-style-fancy su-spoiler-icon-Arrow&lt;b&gt; su-spoiler-closed\" data-scroll-offset=\"0\" data-anchor-in-url=\"no\"><div class=\"su-spoiler-title\" tabindex=\"0\" role=\"button\"><span class=\"su-spoiler-icon\"><\/span>Weiterlesen<\/div><div class=\"su-spoiler-content su-u-clearfix su-u-trim\"><\/b>Ein einzigartiges Erlebnis f\u00fcr jeden, einmal einen klassischen VW Bus zu fahren. Besonders gut geeignet f\u00fcr Teambuilding, da Sie mit mehr Personen mehr Aufgaben bew\u00e4ltigen und diese w\u00e4hrend der Fahrt aufteilen k\u00f6nnen. Wir sorgen daf\u00fcr, dass jeder im Team w\u00e4hrend der Fahrt seinen Beitrag leisten kann, um das &#8222;Wir&#8220;-Gef\u00fchl zu schaffen. F\u00fcr gro\u00dfe Gruppen hat diese Wahl den zus\u00e4tzlichen Vorteil, dass sie nicht nur vom Budget her g\u00fcnstiger ist, sondern auch zeitlich leichter zu bew\u00e4ltigen ist. Es sind weniger Autos auf der Stra\u00dfe unterwegs. Preise auf Anfrage Gruppengr\u00f6\u00dfe: 8 &#8211; 250 Personen     <\/div><\/div>\n<p><strong><em>Option 2 VW K\u00e4fer Cabrio Rallye  <\/em><\/strong><div class=\"su-spoiler su-spoiler-style-fancy su-spoiler-icon-Arrow&lt;b&gt; su-spoiler-closed\" data-scroll-offset=\"0\" data-anchor-in-url=\"no\"><div class=\"su-spoiler-title\" tabindex=\"0\" role=\"button\"><span class=\"su-spoiler-icon\"><\/span>Weiterlesen<\/div><div class=\"su-spoiler-content su-u-clearfix su-u-trim\"><\/b>Bei diesem einzigartigen Erlebnis nehmen wir bei sch\u00f6nem Wetter die M\u00fctzen ab und erleben die wundersch\u00f6ne Landschaft durch die Sonnenbrille. Besonders geeignet f\u00fcr Gruppen bis zu 32 Personen. Preise auf Anfrage Gruppengr\u00f6\u00dfe: 8 \u2013 100 Personen  <\/div><\/div>\n<p><strong><em>M\u00f6glichkeit 3: Rallye mit den eigenen Autos  <\/em><\/strong><div class=\"su-spoiler su-spoiler-style-fancy su-spoiler-icon-Arrow&lt;b&gt; su-spoiler-closed\" data-scroll-offset=\"0\" data-anchor-in-url=\"no\"><div class=\"su-spoiler-title\" tabindex=\"0\" role=\"button\"><span class=\"su-spoiler-icon\"><\/span>Weiterlesen<\/div><div class=\"su-spoiler-content su-u-clearfix su-u-trim\"><\/b>Ideal f\u00fcr Gruppen mit einem begrenzten Budget oder die ihre eigenen Oldtimer\/Autos besitzen. Die Rallye wird komplett von uns organisiert und wir statten die Autos mit einem GPS-System aus, das die Strecke und die Zeiten sowie das Spielelement \u00fcberwacht. Preise auf Anfrage Gruppengr\u00f6\u00dfe: 20 \u2013 300 Personen  <\/div><\/div>\n<p><strong>Optionen gegen Aufpreis:  <\/strong><div class=\"su-spoiler su-spoiler-style-fancy su-spoiler-icon-Arrow&lt;b&gt; su-spoiler-closed\" data-scroll-offset=\"0\" data-anchor-in-url=\"no\"><div class=\"su-spoiler-title\" tabindex=\"0\" role=\"button\"><span class=\"su-spoiler-icon\"><\/span>Weiterlesen<\/div><div class=\"su-spoiler-content su-u-clearfix su-u-trim\"><\/b>&#8211; Luxuri\u00f6ses ausgiebiges Mittagessen\/Picknick &#8211; BBQ \/ Abendessen \/ kaltes und warmes Buffet. &#8211; Erfrischungen in Restaurants &#8211; <a href=\"https:\/\/keverevents.nl\/landingspagina\/rally-in-gelderland\/\">Ma\u00dfgeschneiderte Route<\/a> Wenn die Veranstaltung an einem Ort stattfindet, an dem die Oldtimer transportiert werden m\u00fcssen, fallen zus\u00e4tzliche Kosten <em>an. Die genannten Preise basieren auf 4 Personen pro Auto\/K\u00e4fer oder 8 Personen mit dem VW-Bus   <\/div><\/div><\/em>[\/vc_column_text][\/vc_tab][vc_tab title=&#8220;Mal&#8220; tab_id=&#8220;1578643899648-4-0&#8243;][vc_column_text]Dies sind einige Beispiele f\u00fcr Fahrpl\u00e4ne. In Absprache mit Ihnen kann eine beliebige Startzeit oder Endzeit gew\u00e4hlt werden. <strong>Zeitplan 2 Stunden Rallye <\/strong>12:00 Mittagessen (Option gegen Aufpreis) 12:45 Briefing und Gruppenfoto 13:00 Abfahrt erste Teams 13:45 Checkpoint mit Erfrischungen &amp; Teameinteilung (z.B. Blindnavigation) 14:15 Abfahrt erste Teams 15:00 Ziel 15:00 Getr\u00e4nke (Option gegen Aufpreis) 15:30 Bekanntgabe des Siegerteams <strong> Zeitplan 4 Stunden Rallye <\/strong>12:00 Mittagessen (Option gegen Aufpreis) 12:45 Briefing und Gruppenfoto 13:00 Abfahrt erste Teams 13:45 Checkpoint mit Erfrischungen &amp; Teameinteilung (z.B. Blindnavigation) 14:15 Abfahrt erste Teams 15:00 Zwischenpunkt in einem Restaurant 16:00 Checkpoint mit Teameinteilung 17:00 Ziel 17:00 Getr\u00e4nke (Option gegen Aufpreis) 17:30 Bekanntgabe des Siegerteams 18:00 Abendessen (Option gegen Aufpreis) <strong> Fahrplan verl\u00e4ngert inkl. Party und Hotelaufenthalt <\/strong>09:30 Uhr Meeting 10:00 Uhr Meeting-Paket (Option gegen Aufpreis) 12:00 Uhr Mittagessen (Option gegen Aufpreis) 12:45 Uhr Briefing und Gruppenfoto 13:00 Uhr Abfahrt erste Teams 13:45 Uhr Checkpoint mit Erfrischungen &amp; Teameinteilung (z.B. Blindnavigation) 14:15 Uhr Abfahrt erste Teams 15:00 Uhr Zwischenpunkt in einem Restaurant 16:00 Uhr Checkpoint mit Teamaufgabe 17:00 Uhr Ziel 17:00 Getr\u00e4nke (Option gegen Aufpreis) 17:30 Uhr Bekanntgabe des Gewinnerteams 18:00 Uhr Abendessen (Option gegen Aufpreis) 20:00 Uhr Start Party (Option gegen Aufpreis) gegen Aufpreis) 00:00 Uhr Zur\u00fcck zum Hotel (Option gegen Aufpreis)        <strong><em>(Zeiten und Programmbestandteile sind <u>Richtwerte<\/u> und k\u00f6nnen in Absprache vollst\u00e4ndig angepasst werden)<\/em><\/strong>[\/vc_column_text][\/vc_tab][vc_tab title=&#8220;Herausforderung 1&#8243; tab_id=&#8220;1493716128710-3-0&#8243;][vc_column_text]\n<p class=\"p1\"><span class=\"s1\"><img loading=\"lazy\" decoding=\"async\" class=\"size-medium wp-image-3354 alignleft\" src=\"https:\/\/keverevents.nl\/wp-content\/uploads\/2019\/12\/taakverdeling-208x300.png\" alt=\"\" width=\"208\" height=\"300\" srcset=\"https:\/\/keverevents.nl\/wp-content\/uploads\/2019\/12\/taakverdeling-208x300.png 208w, https:\/\/keverevents.nl\/wp-content\/uploads\/2019\/12\/taakverdeling.png 355w\" sizes=\"auto, (max-width: 208px) 100vw, 208px\" \/>Punkte k\u00f6nnen pro Streckenabschnitt gesammelt werden, indem die Strecke so <b>fehlerfrei <\/b><b>wie m\u00f6glich gefahren<\/b> wird. Pro Strecke gibt es 100 Punkte zu verdienen. Das beste Team bekommt 100 Punkte, das n\u00e4chste 99 und so weiter. Also bei 4 Routen maximal 400 Punkte. Teams, die <b>Geschwindigkeits\u00fcberschreitungen <\/b>unterbinden oder begehen, erhalten Strafpunkte. Punkte k\u00f6nnen auch verdient werden, indem man eine Strecke mit einer vorher festgelegten Durchschnittsgeschwindigkeit f\u00e4hrt. Die <b>Regelm\u00e4\u00dfigkeitspr\u00fcfung.<\/b>      <\/span><\/p>\n[\/vc_column_text][\/vc_tab][vc_tab title=&#8220;Herausforderung 2&#8243; tab_id=&#8220;1489755772-1-92e182-15d8&#8243;][vc_column_text]\n<p class=\"p1\"><strong><span class=\"s1\">Team-Eins\u00e4tze<\/span><\/strong><\/p>\n<p class=\"p1\"><span class=\"s1\">F\u00fcr die Team-Challenges auf dem Weg, wie z.B. die blinde Navigation, k\u00f6nnen auch 100 Punkte f\u00fcr die leistungsst\u00e4rksten Teams verdient werden. So ist es m\u00f6glich, einerseits unsere sch\u00f6nen VW-Transporter und K\u00e4fer Cabrios in vollen Z\u00fcgen zu genie\u00dfen und andererseits eine sch\u00f6ne Landstrecke mit lustigen Eins\u00e4tzen. Alle Autos sind mit einem    <\/span><span class=\"s2\">Track-Trace-System<\/span>, um <span class=\"s1\"> die zur\u00fcckgelegte Route <\/span><span class=\"s2\">im Nachhinein<\/span> <span class=\"s1\">sehen zu k\u00f6nnen<\/span>.<\/p>\n<p class=\"p1\"><span class=\"s1\"><img loading=\"lazy\" decoding=\"async\" class=\"wp-image-3352 alignleft\" src=\"https:\/\/keverevents.nl\/wp-content\/uploads\/2019\/12\/roadbook-gps-300x300.jpg\" alt=\"\" width=\"118\" height=\"118\" srcset=\"https:\/\/keverevents.nl\/wp-content\/uploads\/2019\/12\/roadbook-gps-300x300.jpg 300w, https:\/\/keverevents.nl\/wp-content\/uploads\/2019\/12\/roadbook-gps-150x150.jpg 150w, https:\/\/keverevents.nl\/wp-content\/uploads\/2019\/12\/roadbook-gps-768x772.jpg 768w, https:\/\/keverevents.nl\/wp-content\/uploads\/2019\/12\/roadbook-gps.jpg 840w\" sizes=\"auto, (max-width: 118px) 100vw, 118px\" \/> <\/span><\/p>\n[\/vc_column_text][\/vc_tab][vc_tab title=&#8220;Herausforderung 3&#8243; tab_id=&#8220;1489755772-2-18e182-15d8&#8243;][vc_column_text]<strong>Fragen zum Umfeld (Branding)<\/strong> Auch Fragen zur Umwelt oder zur eigenen Organisation spielen einen wichtigen Anteil im finalen Ranking. Pro Route und Team-Challenge k\u00f6nnen maximal 100 Punkte verdient werden. Es gibt vier Routen und 2 Zuweisungen. Also insgesamt 600 Punkte. Platz 1: 100 Punkte, Platz 2: 99 Punkte, Platz 3: 98 Punkte.      <strong>Bei Geschwindigkeits\u00fcberschreitung gibt es 20 Strafpunkte pro Versto\u00df.<\/strong>  Alle Zeiten werden in der Endwertung im Ziel digital verarbeitet. Klicken Sie auf das Beispiel unten. Optimaler und sicherer Genuss ist die Devise. Ein sch\u00f6ner Nebeneffekt ist, dass die finale Einstufung noch lange Gespr\u00e4chsthema bleiben wird. Schlie\u00dflich geht es nicht um die am schnellsten gefahrene, sondern um die am besten gefahrene Strecke. Das finale Ranking kann personalisiert und mit Ihrem Firmenlogo versehen werden. Also ideal f\u00fcr einen Beziehungstag.        &nbsp;<\/p>\n<p><img loading=\"lazy\" decoding=\"async\" class=\"alignnone wp-image-439 size-full\" src=\"https:\/\/keverevents.nl\/wp-content\/uploads\/2017\/05\/Keverevents-3.jpg\" alt=\"\" width=\"1230\" height=\"501\" srcset=\"https:\/\/keverevents.nl\/wp-content\/uploads\/2017\/05\/Keverevents-3.jpg 1230w, https:\/\/keverevents.nl\/wp-content\/uploads\/2017\/05\/Keverevents-3-300x122.jpg 300w, https:\/\/keverevents.nl\/wp-content\/uploads\/2017\/05\/Keverevents-3-768x313.jpg 768w, https:\/\/keverevents.nl\/wp-content\/uploads\/2017\/05\/Keverevents-3-1024x417.jpg 1024w\" sizes=\"auto, (max-width: 1230px) 100vw, 1230px\" \/>[\/vc_column_text][\/vc_tab][\/vc_tabs][\/vc_column][\/vc_row]\n<\/div>","protected":false},"excerpt":{"rendered":"<p>[vc_row][vc_column][vc_column_text] Erkl\u00e4rung Rallye Oldtimer-Rallye [\/vc_column_text][vc_row_inner][vc_column_inner][vc_column_text]Startort ermitteln Sie entscheiden, wo die Rallye beginnt und endet. Wir haben f\u00fcr euch einige Startorte herausgesucht, mit denen wir gute Erfahrungen gemacht haben. Selbstverst\u00e4ndlich k\u00f6nnen wir auf Wunsch eine ma\u00dfgeschneiderte Veranstaltung an jedem Ort arrangieren. Selbst eine Rallye fahren mit einem Roadbook Sie und Ihr Team werden eine echte Rallye&hellip;<\/p>\n","protected":false},"author":1,"featured_media":0,"parent":0,"menu_order":0,"comment_status":"closed","ping_status":"closed","template":"","meta":{"_acf_changed":false,"om_disable_all_campaigns":false,"_monsterinsights_skip_tracking":false,"_monsterinsights_sitenote_active":false,"_monsterinsights_sitenote_note":"","_monsterinsights_sitenote_category":0,"_uf_show_specific_survey":0,"_uf_disable_surveys":false,"footnotes":""},"class_list":["post-4740","page","type-page","status-publish","hentry","description-off"],"acf":[],"aioseo_notices":[],"yoast_head":"<!-- This site is optimized with the Yoast SEO plugin v27.5 - https:\/\/yoast.com\/product\/yoast-seo-wordpress\/ -->\n<title>Erkl\u00e4rung Rallye - Kever Events<\/title>\n<meta name=\"robots\" content=\"index, follow, max-snippet:-1, max-image-preview:large, max-video-preview:-1\" \/>\n<link rel=\"canonical\" href=\"https:\/\/keverevents.nl\/de\/erklaerung-rallye\/\" \/>\n<meta property=\"og:locale\" content=\"de_DE\" \/>\n<meta property=\"og:type\" content=\"article\" \/>\n<meta property=\"og:title\" content=\"Erkl\u00e4rung Rallye - Kever Events\" \/>\n<meta property=\"og:description\" content=\"[vc_row][vc_column][vc_column_text] Erkl\u00e4rung Rallye Oldtimer-Rallye [\/vc_column_text][vc_row_inner][vc_column_inner][vc_column_text]Startort ermitteln Sie entscheiden, wo die Rallye beginnt und endet. Wir haben f\u00fcr euch einige Startorte herausgesucht, mit denen wir gute Erfahrungen gemacht haben. Selbstverst\u00e4ndlich k\u00f6nnen wir auf Wunsch eine ma\u00dfgeschneiderte Veranstaltung an jedem Ort arrangieren. Selbst eine Rallye fahren mit einem Roadbook Sie und Ihr Team werden eine echte Rallye&hellip;\" \/>\n<meta property=\"og:url\" content=\"https:\/\/keverevents.nl\/de\/erklaerung-rallye\/\" \/>\n<meta property=\"og:site_name\" content=\"Kever Events\" \/>\n<meta property=\"article:publisher\" content=\"https:\/\/www.google.com\/search?client=safari&amp;amp%3bamp%3bamp%3brls=en&amp;amp%3bamp%3bamp%3bq=keverevents%20facebook&amp;amp%3bamp%3bamp%3bie=UTF-8&amp;amp%3bamp%3bamp%3boe=UTF-8\" \/>\n<meta property=\"article:modified_time\" content=\"2025-01-16T12:52:40+00:00\" \/>\n<meta property=\"og:image\" content=\"https:\/\/keverevents.nl\/wp-content\/uploads\/2019\/12\/route-A-naar-B-e1576671978545.png\" \/>\n\t<meta property=\"og:image:width\" content=\"125\" \/>\n\t<meta property=\"og:image:height\" content=\"115\" \/>\n\t<meta property=\"og:image:type\" content=\"image\/png\" \/>\n<meta name=\"twitter:card\" content=\"summary_large_image\" \/>\n<meta name=\"twitter:label1\" content=\"Gesch\u00e4tzte Lesezeit\" \/>\n\t<meta name=\"twitter:data1\" content=\"6\u00a0Minuten\" \/>\n<script type=\"application\/ld+json\" class=\"yoast-schema-graph\">{\"@context\":\"https:\\\/\\\/schema.org\",\"@graph\":[{\"@type\":\"WebPage\",\"@id\":\"https:\\\/\\\/keverevents.nl\\\/de\\\/erklaerung-rallye\\\/\",\"url\":\"https:\\\/\\\/keverevents.nl\\\/de\\\/erklaerung-rallye\\\/\",\"name\":\"Erkl\u00e4rung Rallye - Kever Events\",\"isPartOf\":{\"@id\":\"https:\\\/\\\/keverevents.nl\\\/de\\\/#website\"},\"primaryImageOfPage\":{\"@id\":\"https:\\\/\\\/keverevents.nl\\\/de\\\/erklaerung-rallye\\\/#primaryimage\"},\"image\":{\"@id\":\"https:\\\/\\\/keverevents.nl\\\/de\\\/erklaerung-rallye\\\/#primaryimage\"},\"thumbnailUrl\":\"https:\\\/\\\/keverevents.nl\\\/wp-content\\\/uploads\\\/2019\\\/12\\\/route-A-naar-B-300x276.png\",\"datePublished\":\"2025-01-16T12:52:39+00:00\",\"dateModified\":\"2025-01-16T12:52:40+00:00\",\"inLanguage\":\"de\",\"potentialAction\":[{\"@type\":\"ReadAction\",\"target\":[\"https:\\\/\\\/keverevents.nl\\\/de\\\/erklaerung-rallye\\\/\"]}]},{\"@type\":\"ImageObject\",\"inLanguage\":\"de\",\"@id\":\"https:\\\/\\\/keverevents.nl\\\/de\\\/erklaerung-rallye\\\/#primaryimage\",\"url\":\"https:\\\/\\\/keverevents.nl\\\/wp-content\\\/uploads\\\/2019\\\/12\\\/route-A-naar-B-300x276.png\",\"contentUrl\":\"https:\\\/\\\/keverevents.nl\\\/wp-content\\\/uploads\\\/2019\\\/12\\\/route-A-naar-B-300x276.png\"},{\"@type\":\"WebSite\",\"@id\":\"https:\\\/\\\/keverevents.nl\\\/de\\\/#website\",\"url\":\"https:\\\/\\\/keverevents.nl\\\/de\\\/\",\"name\":\"Kever Events\",\"description\":\"Keverrally Volkswagen tour teamuitje\",\"potentialAction\":[{\"@type\":\"SearchAction\",\"target\":{\"@type\":\"EntryPoint\",\"urlTemplate\":\"https:\\\/\\\/keverevents.nl\\\/de\\\/?s={search_term_string}\"},\"query-input\":{\"@type\":\"PropertyValueSpecification\",\"valueRequired\":true,\"valueName\":\"search_term_string\"}}],\"inLanguage\":\"de\"}]}<\/script>\n<!-- \/ Yoast SEO plugin. -->","yoast_head_json":{"title":"Erkl\u00e4rung Rallye - Kever Events","robots":{"index":"index","follow":"follow","max-snippet":"max-snippet:-1","max-image-preview":"max-image-preview:large","max-video-preview":"max-video-preview:-1"},"canonical":"https:\/\/keverevents.nl\/de\/erklaerung-rallye\/","og_locale":"de_DE","og_type":"article","og_title":"Erkl\u00e4rung Rallye - Kever Events","og_description":"[vc_row][vc_column][vc_column_text] Erkl\u00e4rung Rallye Oldtimer-Rallye [\/vc_column_text][vc_row_inner][vc_column_inner][vc_column_text]Startort ermitteln Sie entscheiden, wo die Rallye beginnt und endet. Wir haben f\u00fcr euch einige Startorte herausgesucht, mit denen wir gute Erfahrungen gemacht haben. Selbstverst\u00e4ndlich k\u00f6nnen wir auf Wunsch eine ma\u00dfgeschneiderte Veranstaltung an jedem Ort arrangieren. Selbst eine Rallye fahren mit einem Roadbook Sie und Ihr Team werden eine echte Rallye&hellip;","og_url":"https:\/\/keverevents.nl\/de\/erklaerung-rallye\/","og_site_name":"Kever Events","article_publisher":"https:\/\/www.google.com\/search?client=safari&amp%3bamp%3bamp%3brls=en&amp%3bamp%3bamp%3bq=keverevents%20facebook&amp%3bamp%3bamp%3bie=UTF-8&amp%3bamp%3bamp%3boe=UTF-8","article_modified_time":"2025-01-16T12:52:40+00:00","og_image":[{"width":125,"height":115,"url":"https:\/\/keverevents.nl\/wp-content\/uploads\/2019\/12\/route-A-naar-B-e1576671978545.png","type":"image\/png"}],"twitter_card":"summary_large_image","twitter_misc":{"Gesch\u00e4tzte Lesezeit":"6\u00a0Minuten"},"schema":{"@context":"https:\/\/schema.org","@graph":[{"@type":"WebPage","@id":"https:\/\/keverevents.nl\/de\/erklaerung-rallye\/","url":"https:\/\/keverevents.nl\/de\/erklaerung-rallye\/","name":"Erkl\u00e4rung Rallye - Kever Events","isPartOf":{"@id":"https:\/\/keverevents.nl\/de\/#website"},"primaryImageOfPage":{"@id":"https:\/\/keverevents.nl\/de\/erklaerung-rallye\/#primaryimage"},"image":{"@id":"https:\/\/keverevents.nl\/de\/erklaerung-rallye\/#primaryimage"},"thumbnailUrl":"https:\/\/keverevents.nl\/wp-content\/uploads\/2019\/12\/route-A-naar-B-300x276.png","datePublished":"2025-01-16T12:52:39+00:00","dateModified":"2025-01-16T12:52:40+00:00","inLanguage":"de","potentialAction":[{"@type":"ReadAction","target":["https:\/\/keverevents.nl\/de\/erklaerung-rallye\/"]}]},{"@type":"ImageObject","inLanguage":"de","@id":"https:\/\/keverevents.nl\/de\/erklaerung-rallye\/#primaryimage","url":"https:\/\/keverevents.nl\/wp-content\/uploads\/2019\/12\/route-A-naar-B-300x276.png","contentUrl":"https:\/\/keverevents.nl\/wp-content\/uploads\/2019\/12\/route-A-naar-B-300x276.png"},{"@type":"WebSite","@id":"https:\/\/keverevents.nl\/de\/#website","url":"https:\/\/keverevents.nl\/de\/","name":"Kever Events","description":"Keverrally Volkswagen tour teamuitje","potentialAction":[{"@type":"SearchAction","target":{"@type":"EntryPoint","urlTemplate":"https:\/\/keverevents.nl\/de\/?s={search_term_string}"},"query-input":{"@type":"PropertyValueSpecification","valueRequired":true,"valueName":"search_term_string"}}],"inLanguage":"de"}]}},"_links":{"self":[{"href":"https:\/\/keverevents.nl\/de\/wp-json\/wp\/v2\/pages\/4740","targetHints":{"allow":["GET"]}}],"collection":[{"href":"https:\/\/keverevents.nl\/de\/wp-json\/wp\/v2\/pages"}],"about":[{"href":"https:\/\/keverevents.nl\/de\/wp-json\/wp\/v2\/types\/page"}],"author":[{"embeddable":true,"href":"https:\/\/keverevents.nl\/de\/wp-json\/wp\/v2\/users\/1"}],"replies":[{"embeddable":true,"href":"https:\/\/keverevents.nl\/de\/wp-json\/wp\/v2\/comments?post=4740"}],"version-history":[{"count":2,"href":"https:\/\/keverevents.nl\/de\/wp-json\/wp\/v2\/pages\/4740\/revisions"}],"predecessor-version":[{"id":4742,"href":"https:\/\/keverevents.nl\/de\/wp-json\/wp\/v2\/pages\/4740\/revisions\/4742"}],"wp:attachment":[{"href":"https:\/\/keverevents.nl\/de\/wp-json\/wp\/v2\/media?parent=4740"}],"curies":[{"name":"wp","href":"https:\/\/api.w.org\/{rel}","templated":true}]}}