{"id":4731,"date":"2025-01-16T13:52:27","date_gmt":"2025-01-16T12:52:27","guid":{"rendered":"https:\/\/keverevents.nl\/datenschutzrichtlinie-2\/"},"modified":"2025-01-16T13:52:27","modified_gmt":"2025-01-16T12:52:27","slug":"datenschutzrichtlinie-2","status":"publish","type":"page","link":"https:\/\/keverevents.nl\/de\/datenschutzrichtlinie-2\/","title":{"rendered":"Datenschutzrichtlinie"},"content":{"rendered":"<h1>Datenschutzerkl\u00e4rung<\/h1>\n<p>  Keverevents mit Sitz in der C. Voorberghstraat 110 7558 WL Hengelo ist f\u00fcr die Verarbeitung personenbezogener Daten verantwortlich, wie in dieser Datenschutzerkl\u00e4rung angegeben.  &nbsp;<\/p>\n<p><strong>Kontaktdaten:<\/strong> https:www.keverevents.nl Cruys Voorberghstraat 110 7558 WL Hengelo +31 74 85 26 777 &nbsp; Personenbezogene Daten, die wir verarbeiten Keverevents verarbeitet Ihre personenbezogenen Daten, weil Sie unsere Dienste nutzen und\/oder weil Sie sie uns selbst zur Verf\u00fcgung stellen. Nachfolgend finden Sie eine \u00dcbersicht \u00fcber die personenbezogenen Daten, die wir verarbeiten: &#8211; Vor- und Nachname &#8211; Geschlecht &#8211; Adressdaten &#8211; Telefonnummer &#8211; E-Mail-Adresse &nbsp; Besondere und\/oder sensible personenbezogene Daten, die wir verarbeiten Unsere Website und\/oder unser Dienst beabsichtigen nicht, Daten \u00fcber Website-Besucher zu sammeln, die j\u00fcnger als 16 Jahre alt sind. Es sei denn, sie haben die Erlaubnis der Eltern oder des Erziehungsberechtigten. Wir k\u00f6nnen jedoch nicht \u00fcberpr\u00fcfen, ob ein Besucher \u00fcber 16 Jahre alt ist. Wir empfehlen daher, dass Eltern in die Online-Aktivit\u00e4ten ihrer Kinder einbezogen werden, um zu verhindern, dass Daten \u00fcber Kinder ohne Zustimmung der Eltern gesammelt werden. Wenn Sie der Meinung sind, dass wir ohne diese Zustimmung personenbezogene Daten \u00fcber einen Minderj\u00e4hrigen gesammelt haben, kontaktieren Sie uns bitte unter <a href=\"mailto:info@keverevents.nl\">info@keverevents.nl<\/a> und wir werden diese Informationen l\u00f6schen. &nbsp; Zu welchem Zweck und auf welcher Grundlage verarbeiten wir personenbezogene Daten Keverevents verarbeitet Ihre personenbezogenen Daten zu folgenden Zwecken: &#8211; Um Sie anrufen oder per E-Mail kontaktieren zu k\u00f6nnen, wenn dies erforderlich ist, um unsere Dienstleistungen erbringen &nbsp; zu k\u00f6nnen Automatisierte Entscheidungsfindung Keverevents trifft [wel \/ niet] Entscheidungen auf der Grundlage einer automatisierten Verarbeitung in Angelegenheiten, die (erhebliche) Folgen f\u00fcr Einzelpersonen haben k\u00f6nnen. Dabei handelt es sich um Entscheidungen, die von Computerprogrammen oder -systemen getroffen werden, ohne dass ein Mensch (z. B. ein Mitarbeiter von Keverevents) eingreifen muss. Keverevents verwendet die folgenden Computerprogramme oder -systeme: [Erg\u00e4nzung durch den Namen des Systems, den Grund seiner Verwendung, die zugrunde liegende Logik, die Bedeutung und die zu erwartenden Folgen f\u00fcr die betroffene Person] &nbsp; Wie lange wir personenbezogene Daten speichern Keverevents speichert Ihre personenbezogenen Daten nicht l\u00e4nger, als es zur Erreichung der Zwecke, f\u00fcr die Ihre Daten erhoben werden, unbedingt erforderlich ist. Wir verwenden die folgenden Aufbewahrungsfristen f\u00fcr die personenbezogenen Daten: maximal 2 Jahre.          &nbsp;  Weitergabe personenbezogener Daten an Dritte Keverevents stellt sie Dritten nur zur Verf\u00fcgung und nur, wenn dies f\u00fcr die Erf\u00fcllung unserer Vereinbarung mit Ihnen oder zur Erf\u00fcllung einer gesetzlichen Verpflichtung erforderlich ist.  &nbsp;  Cookies oder \u00e4hnliche Techniken, die wir von Keverevents verwenden, verwenden nur technische und funktionale Cookies. Und analytische Cookies, die Ihre Privatsph\u00e4re nicht verletzen. Ein Cookie ist eine kleine Textdatei, die auf Ihrem Computer, Tablet oder Smartphone gespeichert wird, wenn Sie diese Website zum ersten Mal besuchen. Die von uns verwendeten Cookies sind f\u00fcr den technischen Betrieb der Website und Ihre Benutzerfreundlichkeit erforderlich. Sie stellen sicher, dass die Website ordnungsgem\u00e4\u00df funktioniert und merken sich beispielsweise Ihre bevorzugten Einstellungen. Es erm\u00f6glicht uns auch, unsere Website zu optimieren. Sie k\u00f6nnen Cookies deaktivieren, indem Sie Ihren Internetbrowser so einstellen, dass keine Cookies mehr gespeichert werden. Dar\u00fcber hinaus k\u00f6nnen Sie auch alle Informationen, die zuvor \u00fcber die Einstellungen Ihres Browsers gespeichert wurden, l\u00f6schen.         &nbsp;  Einsichtnahme, \u00c4nderung oder L\u00f6schung von Daten Sie haben das Recht, Ihre personenbezogenen Daten einzusehen, zu korrigieren oder zu l\u00f6schen. Dar\u00fcber hinaus haben Sie das Recht, Ihre Einwilligung zur Datenverarbeitung zu widerrufen oder der Verarbeitung Ihrer personenbezogenen Daten durch Keverevents zu widersprechen, und Sie haben das Recht auf Daten\u00fcbertragbarkeit. Das bedeutet, dass Sie eine Anfrage an uns richten k\u00f6nnen, um die personenbezogenen Daten, die wir \u00fcber Sie in einer Computerdatei haben, an Sie oder eine andere von Ihnen benannte Organisation zu senden. Sie k\u00f6nnen einen Antrag auf Einsichtnahme, Berichtigung, L\u00f6schung, Daten\u00fcbertragung Ihrer personenbezogenen Daten oder einen Antrag auf Widerruf Ihrer Einwilligung oder Widerspruch gegen die Verarbeitung Ihrer personenbezogenen Daten an <a href=\"mailto:info@keverevents.nl\">info@keverevents.nl<\/a> senden. Um sicherzustellen, dass der Antrag auf Zugang von Ihnen gestellt wurde, bitten wir Sie, dem Antrag eine Kopie Ihres Identit\u00e4tsnachweises beizuf\u00fcgen. Schw\u00e4rzen Sie in dieser Kopie Ihr Passfoto, die MRZ (maschinenlesbare Zone, der Streifen mit den Zahlen am unteren Rand des Passes), die Passnummer und die B\u00fcrgerservicenummer (BSN). Dies dient dem Schutz Ihrer Privatsph\u00e4re. Wir werden Ihre Anfrage so schnell wie m\u00f6glich, jedoch innerhalb von vier Wochen, beantworten. Keverevents m\u00f6chte Sie auch darauf hinweisen, dass Sie die M\u00f6glichkeit haben, eine Beschwerde bei der nationalen Aufsichtsbeh\u00f6rde, der niederl\u00e4ndischen Datenschutzbeh\u00f6rde, einzureichen. Dies kann \u00fcber den folgenden Link erfolgen: <a href=\"https:\/\/autoriteitpersoonsgegevens.nl\/nl\/contact-met-de-autoriteit-persoonsgegevens\/tip-ons\">https:\/\/autoriteitpersoonsgegevens.nl\/nl\/contact-met-de-autoriteit-persoonsgegevens\/tip-ons<\/a>&nbsp; Wie wir personenbezogene Daten sichern Keverevents nimmt den Schutz Ihrer Daten ernst und ergreift geeignete Ma\u00dfnahmen, um Missbrauch, Verlust, unbefugten Zugriff, unerw\u00fcnschte Offenlegung und unbefugte \u00c4nderung zu verhindern. Wenn Sie den Eindruck haben, dass Ihre Daten nicht ordnungsgem\u00e4ss gesichert sind oder Hinweise auf Missbrauch vorliegen, wenden Sie sich bitte an unseren Kundendienst +31 74 85 26 777 oder \u00fcber <a href=\"mailto:info@keverevents.nl\">info@keverevents.nl<\/a>          <\/p>\n<p>&nbsp;<\/p>\n<p>&nbsp;<\/p>\n","protected":false},"excerpt":{"rendered":"<p>Datenschutzerkl\u00e4rung Keverevents mit Sitz in der C. Voorberghstraat 110 7558 WL Hengelo ist f\u00fcr die Verarbeitung personenbezogener Daten verantwortlich, wie in dieser Datenschutzerkl\u00e4rung angegeben. &nbsp; Kontaktdaten: https:www.keverevents.nl Cruys Voorberghstraat 110 7558 WL Hengelo +31 74 85 26 777 &nbsp; Personenbezogene Daten, die wir verarbeiten Keverevents verarbeitet Ihre personenbezogenen Daten, weil Sie unsere Dienste nutzen und\/oder&hellip;<\/p>\n","protected":false},"author":2,"featured_media":0,"parent":0,"menu_order":0,"comment_status":"closed","ping_status":"closed","template":"","meta":{"_acf_changed":false,"om_disable_all_campaigns":false,"_monsterinsights_skip_tracking":false,"_monsterinsights_sitenote_active":false,"_monsterinsights_sitenote_note":"","_monsterinsights_sitenote_category":0,"_uf_show_specific_survey":0,"_uf_disable_surveys":false,"footnotes":""},"class_list":["post-4731","page","type-page","status-publish","hentry","description-off"],"acf":[],"aioseo_notices":[],"yoast_head":"<!-- This site is optimized with the Yoast SEO plugin v27.4 - https:\/\/yoast.com\/product\/yoast-seo-wordpress\/ -->\n<title>Datenschutzrichtlinie - Kever Events<\/title>\n<meta name=\"robots\" content=\"index, follow, max-snippet:-1, max-image-preview:large, max-video-preview:-1\" \/>\n<link rel=\"canonical\" href=\"https:\/\/keverevents.nl\/de\/datenschutzrichtlinie-2\/\" \/>\n<meta property=\"og:locale\" content=\"de_DE\" \/>\n<meta property=\"og:type\" content=\"article\" \/>\n<meta property=\"og:title\" content=\"Datenschutzrichtlinie - Kever Events\" \/>\n<meta property=\"og:description\" content=\"Datenschutzerkl\u00e4rung Keverevents mit Sitz in der C. Voorberghstraat 110 7558 WL Hengelo ist f\u00fcr die Verarbeitung personenbezogener Daten verantwortlich, wie in dieser Datenschutzerkl\u00e4rung angegeben. &nbsp; Kontaktdaten: https:www.keverevents.nl Cruys Voorberghstraat 110 7558 WL Hengelo +31 74 85 26 777 &nbsp; Personenbezogene Daten, die wir verarbeiten Keverevents verarbeitet Ihre personenbezogenen Daten, weil Sie unsere Dienste nutzen und\/oder&hellip;\" \/>\n<meta property=\"og:url\" content=\"https:\/\/keverevents.nl\/de\/datenschutzrichtlinie-2\/\" \/>\n<meta property=\"og:site_name\" content=\"Kever Events\" \/>\n<meta property=\"article:publisher\" content=\"https:\/\/www.google.com\/search?client=safari&amp;amp%3bamp%3bamp%3brls=en&amp;amp%3bamp%3bamp%3bq=keverevents%20facebook&amp;amp%3bamp%3bamp%3bie=UTF-8&amp;amp%3bamp%3bamp%3boe=UTF-8\" \/>\n<meta name=\"twitter:card\" content=\"summary_large_image\" \/>\n<meta name=\"twitter:label1\" content=\"Gesch\u00e4tzte Lesezeit\" \/>\n\t<meta name=\"twitter:data1\" content=\"4\u00a0Minuten\" \/>\n<script type=\"application\/ld+json\" class=\"yoast-schema-graph\">{\"@context\":\"https:\\\/\\\/schema.org\",\"@graph\":[{\"@type\":\"WebPage\",\"@id\":\"https:\\\/\\\/keverevents.nl\\\/de\\\/datenschutzrichtlinie-2\\\/\",\"url\":\"https:\\\/\\\/keverevents.nl\\\/de\\\/datenschutzrichtlinie-2\\\/\",\"name\":\"Datenschutzrichtlinie - Kever Events\",\"isPartOf\":{\"@id\":\"https:\\\/\\\/keverevents.nl\\\/de\\\/#website\"},\"datePublished\":\"2025-01-16T12:52:27+00:00\",\"inLanguage\":\"de\",\"potentialAction\":[{\"@type\":\"ReadAction\",\"target\":[\"https:\\\/\\\/keverevents.nl\\\/de\\\/datenschutzrichtlinie-2\\\/\"]}]},{\"@type\":\"WebSite\",\"@id\":\"https:\\\/\\\/keverevents.nl\\\/de\\\/#website\",\"url\":\"https:\\\/\\\/keverevents.nl\\\/de\\\/\",\"name\":\"Kever Events\",\"description\":\"Keverrally Volkswagen tour teamuitje\",\"potentialAction\":[{\"@type\":\"SearchAction\",\"target\":{\"@type\":\"EntryPoint\",\"urlTemplate\":\"https:\\\/\\\/keverevents.nl\\\/de\\\/?s={search_term_string}\"},\"query-input\":{\"@type\":\"PropertyValueSpecification\",\"valueRequired\":true,\"valueName\":\"search_term_string\"}}],\"inLanguage\":\"de\"}]}<\/script>\n<!-- \/ Yoast SEO plugin. -->","yoast_head_json":{"title":"Datenschutzrichtlinie - Kever Events","robots":{"index":"index","follow":"follow","max-snippet":"max-snippet:-1","max-image-preview":"max-image-preview:large","max-video-preview":"max-video-preview:-1"},"canonical":"https:\/\/keverevents.nl\/de\/datenschutzrichtlinie-2\/","og_locale":"de_DE","og_type":"article","og_title":"Datenschutzrichtlinie - Kever Events","og_description":"Datenschutzerkl\u00e4rung Keverevents mit Sitz in der C. Voorberghstraat 110 7558 WL Hengelo ist f\u00fcr die Verarbeitung personenbezogener Daten verantwortlich, wie in dieser Datenschutzerkl\u00e4rung angegeben. &nbsp; Kontaktdaten: https:www.keverevents.nl Cruys Voorberghstraat 110 7558 WL Hengelo +31 74 85 26 777 &nbsp; Personenbezogene Daten, die wir verarbeiten Keverevents verarbeitet Ihre personenbezogenen Daten, weil Sie unsere Dienste nutzen und\/oder&hellip;","og_url":"https:\/\/keverevents.nl\/de\/datenschutzrichtlinie-2\/","og_site_name":"Kever Events","article_publisher":"https:\/\/www.google.com\/search?client=safari&amp%3bamp%3bamp%3brls=en&amp%3bamp%3bamp%3bq=keverevents%20facebook&amp%3bamp%3bamp%3bie=UTF-8&amp%3bamp%3bamp%3boe=UTF-8","twitter_card":"summary_large_image","twitter_misc":{"Gesch\u00e4tzte Lesezeit":"4\u00a0Minuten"},"schema":{"@context":"https:\/\/schema.org","@graph":[{"@type":"WebPage","@id":"https:\/\/keverevents.nl\/de\/datenschutzrichtlinie-2\/","url":"https:\/\/keverevents.nl\/de\/datenschutzrichtlinie-2\/","name":"Datenschutzrichtlinie - Kever Events","isPartOf":{"@id":"https:\/\/keverevents.nl\/de\/#website"},"datePublished":"2025-01-16T12:52:27+00:00","inLanguage":"de","potentialAction":[{"@type":"ReadAction","target":["https:\/\/keverevents.nl\/de\/datenschutzrichtlinie-2\/"]}]},{"@type":"WebSite","@id":"https:\/\/keverevents.nl\/de\/#website","url":"https:\/\/keverevents.nl\/de\/","name":"Kever Events","description":"Keverrally Volkswagen tour teamuitje","potentialAction":[{"@type":"SearchAction","target":{"@type":"EntryPoint","urlTemplate":"https:\/\/keverevents.nl\/de\/?s={search_term_string}"},"query-input":{"@type":"PropertyValueSpecification","valueRequired":true,"valueName":"search_term_string"}}],"inLanguage":"de"}]}},"_links":{"self":[{"href":"https:\/\/keverevents.nl\/de\/wp-json\/wp\/v2\/pages\/4731","targetHints":{"allow":["GET"]}}],"collection":[{"href":"https:\/\/keverevents.nl\/de\/wp-json\/wp\/v2\/pages"}],"about":[{"href":"https:\/\/keverevents.nl\/de\/wp-json\/wp\/v2\/types\/page"}],"author":[{"embeddable":true,"href":"https:\/\/keverevents.nl\/de\/wp-json\/wp\/v2\/users\/2"}],"replies":[{"embeddable":true,"href":"https:\/\/keverevents.nl\/de\/wp-json\/wp\/v2\/comments?post=4731"}],"version-history":[{"count":0,"href":"https:\/\/keverevents.nl\/de\/wp-json\/wp\/v2\/pages\/4731\/revisions"}],"wp:attachment":[{"href":"https:\/\/keverevents.nl\/de\/wp-json\/wp\/v2\/media?parent=4731"}],"curies":[{"name":"wp","href":"https:\/\/api.w.org\/{rel}","templated":true}]}}