{"id":4724,"date":"2025-01-16T13:52:26","date_gmt":"2025-01-16T12:52:26","guid":{"rendered":"https:\/\/keverevents.nl\/unsere-oldtimer\/"},"modified":"2025-01-16T13:52:28","modified_gmt":"2025-01-16T12:52:28","slug":"unsere-oldtimer","status":"publish","type":"page","link":"https:\/\/keverevents.nl\/de\/unsere-oldtimer\/","title":{"rendered":"Unsere Oldtimer"},"content":{"rendered":"<div class=\"wpb-content-wrapper\">[vc_row][vc_column][vc_column_text]\n<h3>Unsere Oldtimer<\/h3>\n<h2>Die K\u00e4fer und VW-Transporter<\/h2>\n[\/vc_column_text][vc_row_inner][vc_column_inner][vc_column_text]Bei uns haben Sie die Wahl zwischen dem Volkswagen K\u00e4fer, dem VW K\u00e4fer Cabrio oder dem ach so coolen nostalgischen Volkswagen Van. Selbstverst\u00e4ndlich k\u00f6nnen Sie alle 50 Klassiker selbst fahren. <\/p>\n<p><strong>K\u00e4fer Cabrio<\/strong><\/p>\n<p>Ein K\u00e4fer bietet Platz f\u00fcr bis zu 4 Personen, so dass Sie trotzdem bequem nebeneinander sitzen k\u00f6nnen. Die Rollenverteilung ist wie folgt: Ein Fahrer, ein Navigator und 1 oder 2 Personen, die die Fragen zur Umwelt beantworten und den Navigator unterst\u00fctzen. <\/p>\n<p><strong>Der VW-Transporter (mehr als 25)<br \/>\n<\/strong><\/p>\n<p><img loading=\"lazy\" decoding=\"async\" class=\"size-medium wp-image-3218 alignright\" src=\"https:\/\/keverevents.nl\/wp-content\/uploads\/2019\/03\/pic-right-219x300.png\" alt=\"\" width=\"219\" height=\"300\" srcset=\"https:\/\/keverevents.nl\/wp-content\/uploads\/2019\/03\/pic-right-219x300.png 219w, https:\/\/keverevents.nl\/wp-content\/uploads\/2019\/03\/pic-right.png 390w\" sizes=\"auto, (max-width: 219px) 100vw, 219px\" \/>Der Volkswagen Bus bietet Platz f\u00fcr 7 bis 8 Personen. Man ist hier immer noch <span style=\"text-decoration: underline;\">ger\u00e4umiger<\/span> als in einem K\u00e4fer. Dank des hohen Daches ist es ideal f\u00fcr <span style=\"text-decoration: underline;\">gr\u00f6\u00dfere<\/span> <span style=\"text-decoration: underline;\">Personen<\/span>. Da Sie in einem Auto mit mehr Personen sitzen, haben Sie mehr Kontakt zu Ihrem Team und<span style=\"text-decoration: underline;\"> Teambuilding<\/span> ist eine nat\u00fcrliche Konsequenz. Es bleibt auch mehr Zeit f\u00fcr teamorientierte oder produktorientierte Aufgaben, weil es mehr Personen gibt, die helfen k\u00f6nnen. Bei gro\u00dfen Gruppen besteht ein zus\u00e4tzlicher Vorteil darin, dass es weniger Autos gibt, was die Kontrolle des Zeitelements erleichtert. Wenn Sie in Etappen beginnen, k\u00f6nnen die Teams mit der L\u00f6sung von Fragen und der Vorbereitung der zu fahrenden Strecke beginnen, und Sie k\u00f6nnen schnell losfahren. Dar\u00fcber hinaus ist es ein besonderes einzigartiges Erlebnis, bei dem der Spa\u00dffaktor sehr hoch ist.       <\/p>\n<p><strong>Sechziger und Siebziger Jahre<\/strong><\/p>\n<p>Alle Klassiker stammen aus den 60er und 70er Jahren. Servolenkung und Servobremsen geh\u00f6rten nicht zu den Optionen. Das macht das Fahren mit einem solchen Klassiker zu einem unvergesslichen Erlebnis und zu einer Reise in die Vergangenheit. Was gibt es Sch\u00f6neres, als einen Oldtimer Volkswagen Van oder K\u00e4fer zu fahren. Wir haben 25 K\u00e4fer Cabrios und 25 Volkswagen Split Vans. Das reicht aus, um <strong>mehr als 200 Personen<\/strong> das Selbstfahren zu erm\u00f6glichen.[\/vc_column_text][vc_empty_space]<style type=\"text\/css\" data-type=\"the7_shortcodes-inline-css\">.gallery-shortcode.gallery-masonry-shortcode-id-82636781ff5cc2ec3608706508a60fde figure,\n.gallery-shortcode.gallery-masonry-shortcode-id-82636781ff5cc2ec3608706508a60fde .rollover,\n.gallery-shortcode.gallery-masonry-shortcode-id-82636781ff5cc2ec3608706508a60fde img,\n.gallery-shortcode.gallery-masonry-shortcode-id-82636781ff5cc2ec3608706508a60fde .gallery-rollover {\n  border-radius: 0px;\n}\n.gallery-shortcode.gallery-masonry-shortcode-id-82636781ff5cc2ec3608706508a60fde.enable-bg-rollover .gallery-rollover {\n  background: -webkit-linear-gradient();\n  background: linear-gradient();\n}\n.gallery-shortcode.gallery-masonry-shortcode-id-82636781ff5cc2ec3608706508a60fde.enable-bg-rollover.hover-scale figure .rollover:after {\n  background: -webkit-linear-gradient();\n  background: linear-gradient();\n}\n.gallery-shortcode.gallery-masonry-shortcode-id-82636781ff5cc2ec3608706508a60fde .gallery-zoom-ico {\n  width: 44px;\n  height: 44px;\n  line-height: 44px;\n  border-radius: 100px;\n  margin: -22px 0 0 -22px;\n  border-width: 0px;\n  color: #ffffff;\n}\n.dt-icon-bg-on.gallery-shortcode.gallery-masonry-shortcode-id-82636781ff5cc2ec3608706508a60fde .gallery-zoom-ico {\n  background: rgba(255,255,255,0.3);\n  box-shadow: none;\n}\n.gallery-shortcode.gallery-masonry-shortcode-id-82636781ff5cc2ec3608706508a60fde .gallery-zoom-ico:before,\n.gallery-shortcode.gallery-masonry-shortcode-id-82636781ff5cc2ec3608706508a60fde .gallery-zoom-ico span {\n  font-size: 32px;\n  line-height: 44px;\n  color: #ffffff;\n}\n.gallery-shortcode.gallery-masonry-shortcode-id-82636781ff5cc2ec3608706508a60fde:not(.resize-by-browser-width) .dt-css-grid {\n  grid-row-gap: 10px;\n  grid-column-gap: 10px;\n  grid-template-columns: repeat(auto-fill,minmax(,1fr));\n}\n.gallery-shortcode.gallery-masonry-shortcode-id-82636781ff5cc2ec3608706508a60fde:not(.resize-by-browser-width) .dt-css-grid .double-width {\n  grid-column: span 2;\n}\n.cssgridlegacy.no-cssgrid .gallery-shortcode.gallery-masonry-shortcode-id-82636781ff5cc2ec3608706508a60fde:not(.resize-by-browser-width) .dt-css-grid,\n.no-cssgridlegacy.no-cssgrid .gallery-shortcode.gallery-masonry-shortcode-id-82636781ff5cc2ec3608706508a60fde:not(.resize-by-browser-width) .dt-css-grid {\n  display: flex;\n  flex-flow: row wrap;\n  margin: -5px;\n}\n.cssgridlegacy.no-cssgrid .gallery-shortcode.gallery-masonry-shortcode-id-82636781ff5cc2ec3608706508a60fde:not(.resize-by-browser-width) .dt-css-grid .wf-cell,\n.no-cssgridlegacy.no-cssgrid .gallery-shortcode.gallery-masonry-shortcode-id-82636781ff5cc2ec3608706508a60fde:not(.resize-by-browser-width) .dt-css-grid .wf-cell {\n  flex: 1 0 ;\n  max-width: 100%;\n  padding: 5px;\n  box-sizing: border-box;\n}\n.gallery-shortcode.gallery-masonry-shortcode-id-82636781ff5cc2ec3608706508a60fde.resize-by-browser-width .dt-css-grid {\n  grid-template-columns: repeat(3,1fr);\n  grid-template-rows: auto;\n  grid-column-gap: 10px;\n  grid-row-gap: 10px;\n}\n.gallery-shortcode.gallery-masonry-shortcode-id-82636781ff5cc2ec3608706508a60fde.resize-by-browser-width .dt-css-grid .double-width {\n  grid-column: span 2;\n}\n.cssgridlegacy.no-cssgrid .gallery-shortcode.gallery-masonry-shortcode-id-82636781ff5cc2ec3608706508a60fde.resize-by-browser-width .dt-css-grid {\n  margin: -5px;\n}\n.cssgridlegacy.no-cssgrid .gallery-shortcode.gallery-masonry-shortcode-id-82636781ff5cc2ec3608706508a60fde.resize-by-browser-width .dt-css-grid .wf-cell {\n  width: 33.333333333333%;\n  padding: 5px;\n}\n.cssgridlegacy.no-cssgrid .gallery-shortcode.gallery-masonry-shortcode-id-82636781ff5cc2ec3608706508a60fde.resize-by-browser-width .dt-css-grid .wf-cell.double-width {\n  width: calc(33.333333333333%) * 2;\n}\n.gallery-shortcode.gallery-masonry-shortcode-id-82636781ff5cc2ec3608706508a60fde.resize-by-browser-width:not(.centered-layout-list):not(.content-bg-on) .dt-css-grid {\n  grid-row-gap: 10px - ;\n}\n@media screen and (max-width: 1199px) {\n  .gallery-shortcode.gallery-masonry-shortcode-id-82636781ff5cc2ec3608706508a60fde.resize-by-browser-width .dt-css-grid {\n    grid-template-columns: repeat(4,1fr);\n  }\n  .cssgridlegacy.no-cssgrid .gallery-shortcode.gallery-masonry-shortcode-id-82636781ff5cc2ec3608706508a60fde.resize-by-browser-width .dt-css-grid .wf-cell,\n  .no-cssgridlegacy.no-cssgrid .gallery-shortcode.gallery-masonry-shortcode-id-82636781ff5cc2ec3608706508a60fde.resize-by-browser-width .dt-css-grid .wf-cell {\n    width: 25%;\n  }\n  .cssgridlegacy.no-cssgrid .gallery-shortcode.gallery-masonry-shortcode-id-82636781ff5cc2ec3608706508a60fde.resize-by-browser-width .dt-css-grid .wf-cell.double-width,\n  .no-cssgridlegacy.no-cssgrid .gallery-shortcode.gallery-masonry-shortcode-id-82636781ff5cc2ec3608706508a60fde.resize-by-browser-width .dt-css-grid .wf-cell.double-width {\n    width: calc(25%)*2;\n  }\n}\n@media screen and (max-width: 991px) {\n  .gallery-shortcode.gallery-masonry-shortcode-id-82636781ff5cc2ec3608706508a60fde.resize-by-browser-width .dt-css-grid {\n    grid-template-columns: repeat(3,1fr);\n  }\n  .cssgridlegacy.no-cssgrid .gallery-shortcode.gallery-masonry-shortcode-id-82636781ff5cc2ec3608706508a60fde.resize-by-browser-width .dt-css-grid .wf-cell,\n  .no-cssgridlegacy.no-cssgrid .gallery-shortcode.gallery-masonry-shortcode-id-82636781ff5cc2ec3608706508a60fde.resize-by-browser-width .dt-css-grid .wf-cell {\n    width: 33.333333333333%;\n  }\n  .cssgridlegacy.no-cssgrid .gallery-shortcode.gallery-masonry-shortcode-id-82636781ff5cc2ec3608706508a60fde.resize-by-browser-width .dt-css-grid .wf-cell.double-width,\n  .no-cssgridlegacy.no-cssgrid .gallery-shortcode.gallery-masonry-shortcode-id-82636781ff5cc2ec3608706508a60fde.resize-by-browser-width .dt-css-grid .wf-cell.double-width {\n    width: calc(33.333333333333%)*2;\n  }\n}\n@media screen and (max-width: 767px) {\n  .gallery-shortcode.gallery-masonry-shortcode-id-82636781ff5cc2ec3608706508a60fde.resize-by-browser-width .dt-css-grid {\n    grid-template-columns: repeat(2,1fr);\n  }\n  .cssgridlegacy.no-cssgrid .gallery-shortcode.gallery-masonry-shortcode-id-82636781ff5cc2ec3608706508a60fde.resize-by-browser-width .dt-css-grid .wf-cell,\n  .no-cssgridlegacy.no-cssgrid .gallery-shortcode.gallery-masonry-shortcode-id-82636781ff5cc2ec3608706508a60fde.resize-by-browser-width .dt-css-grid .wf-cell {\n    width: 50%;\n  }\n  .cssgridlegacy.no-cssgrid .gallery-shortcode.gallery-masonry-shortcode-id-82636781ff5cc2ec3608706508a60fde.resize-by-browser-width .dt-css-grid .wf-cell.double-width,\n  .no-cssgridlegacy.no-cssgrid .gallery-shortcode.gallery-masonry-shortcode-id-82636781ff5cc2ec3608706508a60fde.resize-by-browser-width .dt-css-grid .wf-cell.double-width {\n    width: calc(50%)*2;\n  }\n}\n<\/style><div class=\"gallery-shortcode dt-gallery-container gallery-masonry-shortcode-id-82636781ff5cc2ec3608706508a60fde mode-masonry jquery-filter dt-icon-bg-off quick-scale-img enable-bg-rollover resize-by-browser-width  hover-fade loading-effect-fade-in description-on-hover\" data-padding=\"5px\" data-cur-page=\"1\" data-post-limit=\"-1\" data-pagination-mode=\"none\" data-desktop-columns-num=\"3\" data-v-tablet-columns-num=\"3\" data-h-tablet-columns-num=\"4\" data-phone-columns-num=\"2\" data-width=\"0px\" data-columns=\"0\"><div class=\"iso-container\" ><div class=\"wf-cell iso-item\" data-post-id=\"3749\" data-date=\"2018-03-15T10:39:06+01:00\" data-name=\"keverevents043\"><figure class=\"post visible\"><a href=\"https:\/\/keverevents.nl\/wp-content\/uploads\/2018\/03\/keverevents043.jpg\" class=\"rollover dt-pswp-item layzr-bg\" data-large_image_width=\"1500\" data-large_image_height=\"1000\" data-dt-img-description=\"Gezinsuitje ontdek Twente Overijssel\" title=\"keverevents043\"><img fetchpriority=\"high\" decoding=\"async\" class=\"preload-me iso-lazy-load aspect\" src=\"data:image\/svg+xml,%3Csvg%20xmlns%3D&#39;http%3A%2F%2Fwww.w3.org%2F2000%2Fsvg&#39;%20viewBox%3D&#39;0%200%20379%20253&#39;%2F%3E\" data-src=\"https:\/\/keverevents.nl\/wp-content\/uploads\/2018\/03\/keverevents043-379x253.jpg\" data-srcset=\"https:\/\/keverevents.nl\/wp-content\/uploads\/2018\/03\/keverevents043-379x253.jpg 379w, https:\/\/keverevents.nl\/wp-content\/uploads\/2018\/03\/keverevents043-569x380.jpg 569w\" loading=\"eager\" style=\"--ratio: 379 \/ 253\" sizes=\"(max-width: 379px) 100vw, 379px\" alt=\"Gezinsuitje ontdek Twente Overijssel\" width=\"379\" height=\"253\"  \/><span class=\"gallery-rollover\"><span class=\"gallery-zoom-ico icomoon-the7-font-the7-zoom-06\"><span><\/span><\/span><\/span><\/a><\/figure><\/div><\/div><!-- iso-container|iso-grid --><\/div>[\/vc_column_inner][\/vc_row_inner][vc_empty_space][\/vc_column][\/vc_row]\n<\/div>","protected":false},"excerpt":{"rendered":"<p>[vc_row][vc_column][vc_column_text] Unsere Oldtimer Die K\u00e4fer und VW-Transporter [\/vc_column_text][vc_row_inner][vc_column_inner][vc_column_text]Bei uns haben Sie die Wahl zwischen dem Volkswagen K\u00e4fer, dem VW K\u00e4fer Cabrio oder dem ach so coolen nostalgischen Volkswagen Van. Selbstverst\u00e4ndlich k\u00f6nnen Sie alle 50 Klassiker selbst fahren. K\u00e4fer Cabrio Ein K\u00e4fer bietet Platz f\u00fcr bis zu 4 Personen, so dass Sie trotzdem bequem nebeneinander sitzen&hellip;<\/p>\n","protected":false},"author":1,"featured_media":0,"parent":0,"menu_order":0,"comment_status":"closed","ping_status":"closed","template":"","meta":{"_acf_changed":false,"om_disable_all_campaigns":false,"_monsterinsights_skip_tracking":false,"_monsterinsights_sitenote_active":false,"_monsterinsights_sitenote_note":"","_monsterinsights_sitenote_category":0,"_uf_show_specific_survey":0,"_uf_disable_surveys":false,"footnotes":""},"class_list":["post-4724","page","type-page","status-publish","hentry","description-off"],"acf":[],"aioseo_notices":[],"yoast_head":"<!-- This site is optimized with the Yoast SEO plugin v27.5 - https:\/\/yoast.com\/product\/yoast-seo-wordpress\/ -->\n<title>Unsere Oldtimer - Kever Events<\/title>\n<meta name=\"description\" content=\"Unsere Oldtimer De Kevers und Volkswagen Vans wurden alle restauriert. Die besten Oldtimer f\u00fcr einen exklusiven Kurzurlaub\" \/>\n<meta name=\"robots\" content=\"index, follow, max-snippet:-1, max-image-preview:large, max-video-preview:-1\" \/>\n<link rel=\"canonical\" href=\"https:\/\/keverevents.nl\/de\/unsere-oldtimer\/\" \/>\n<meta property=\"og:locale\" content=\"de_DE\" \/>\n<meta property=\"og:type\" content=\"article\" \/>\n<meta property=\"og:title\" content=\"Unsere Oldtimer - Kever Events\" \/>\n<meta property=\"og:description\" content=\"Unsere Oldtimer De Kevers und Volkswagen Vans wurden alle restauriert. Die besten Oldtimer f\u00fcr einen exklusiven Kurzurlaub\" \/>\n<meta property=\"og:url\" content=\"https:\/\/keverevents.nl\/de\/unsere-oldtimer\/\" \/>\n<meta property=\"og:site_name\" content=\"Kever Events\" \/>\n<meta property=\"article:publisher\" content=\"https:\/\/www.google.com\/search?client=safari&amp;amp%3bamp%3bamp%3brls=en&amp;amp%3bamp%3bamp%3bq=keverevents%20facebook&amp;amp%3bamp%3bamp%3bie=UTF-8&amp;amp%3bamp%3bamp%3boe=UTF-8\" \/>\n<meta property=\"article:modified_time\" content=\"2025-01-16T12:52:28+00:00\" \/>\n<meta property=\"og:image\" content=\"https:\/\/keverevents.nl\/wp-content\/uploads\/2019\/03\/pic-right.png\" \/>\n\t<meta property=\"og:image:width\" content=\"390\" \/>\n\t<meta property=\"og:image:height\" content=\"534\" \/>\n\t<meta property=\"og:image:type\" content=\"image\/png\" \/>\n<meta name=\"twitter:card\" content=\"summary_large_image\" \/>\n<meta name=\"twitter:label1\" content=\"Gesch\u00e4tzte Lesezeit\" \/>\n\t<meta name=\"twitter:data1\" content=\"2\u00a0Minuten\" \/>\n<script type=\"application\/ld+json\" class=\"yoast-schema-graph\">{\"@context\":\"https:\\\/\\\/schema.org\",\"@graph\":[{\"@type\":\"WebPage\",\"@id\":\"https:\\\/\\\/keverevents.nl\\\/de\\\/unsere-oldtimer\\\/\",\"url\":\"https:\\\/\\\/keverevents.nl\\\/de\\\/unsere-oldtimer\\\/\",\"name\":\"Unsere Oldtimer - Kever Events\",\"isPartOf\":{\"@id\":\"https:\\\/\\\/keverevents.nl\\\/de\\\/#website\"},\"primaryImageOfPage\":{\"@id\":\"https:\\\/\\\/keverevents.nl\\\/de\\\/unsere-oldtimer\\\/#primaryimage\"},\"image\":{\"@id\":\"https:\\\/\\\/keverevents.nl\\\/de\\\/unsere-oldtimer\\\/#primaryimage\"},\"thumbnailUrl\":\"https:\\\/\\\/keverevents.nl\\\/wp-content\\\/uploads\\\/2019\\\/03\\\/pic-right-219x300.png\",\"datePublished\":\"2025-01-16T12:52:26+00:00\",\"dateModified\":\"2025-01-16T12:52:28+00:00\",\"description\":\"Unsere Oldtimer De Kevers und Volkswagen Vans wurden alle restauriert. Die besten Oldtimer f\u00fcr einen exklusiven Kurzurlaub\",\"inLanguage\":\"de\",\"potentialAction\":[{\"@type\":\"ReadAction\",\"target\":[\"https:\\\/\\\/keverevents.nl\\\/de\\\/unsere-oldtimer\\\/\"]}]},{\"@type\":\"ImageObject\",\"inLanguage\":\"de\",\"@id\":\"https:\\\/\\\/keverevents.nl\\\/de\\\/unsere-oldtimer\\\/#primaryimage\",\"url\":\"https:\\\/\\\/keverevents.nl\\\/wp-content\\\/uploads\\\/2019\\\/03\\\/pic-right-219x300.png\",\"contentUrl\":\"https:\\\/\\\/keverevents.nl\\\/wp-content\\\/uploads\\\/2019\\\/03\\\/pic-right-219x300.png\"},{\"@type\":\"WebSite\",\"@id\":\"https:\\\/\\\/keverevents.nl\\\/de\\\/#website\",\"url\":\"https:\\\/\\\/keverevents.nl\\\/de\\\/\",\"name\":\"Kever Events\",\"description\":\"Keverrally Volkswagen tour teamuitje\",\"potentialAction\":[{\"@type\":\"SearchAction\",\"target\":{\"@type\":\"EntryPoint\",\"urlTemplate\":\"https:\\\/\\\/keverevents.nl\\\/de\\\/?s={search_term_string}\"},\"query-input\":{\"@type\":\"PropertyValueSpecification\",\"valueRequired\":true,\"valueName\":\"search_term_string\"}}],\"inLanguage\":\"de\"}]}<\/script>\n<!-- \/ Yoast SEO plugin. -->","yoast_head_json":{"title":"Unsere Oldtimer - Kever Events","description":"Unsere Oldtimer De Kevers und Volkswagen Vans wurden alle restauriert. Die besten Oldtimer f\u00fcr einen exklusiven Kurzurlaub","robots":{"index":"index","follow":"follow","max-snippet":"max-snippet:-1","max-image-preview":"max-image-preview:large","max-video-preview":"max-video-preview:-1"},"canonical":"https:\/\/keverevents.nl\/de\/unsere-oldtimer\/","og_locale":"de_DE","og_type":"article","og_title":"Unsere Oldtimer - Kever Events","og_description":"Unsere Oldtimer De Kevers und Volkswagen Vans wurden alle restauriert. Die besten Oldtimer f\u00fcr einen exklusiven Kurzurlaub","og_url":"https:\/\/keverevents.nl\/de\/unsere-oldtimer\/","og_site_name":"Kever Events","article_publisher":"https:\/\/www.google.com\/search?client=safari&amp%3bamp%3bamp%3brls=en&amp%3bamp%3bamp%3bq=keverevents%20facebook&amp%3bamp%3bamp%3bie=UTF-8&amp%3bamp%3bamp%3boe=UTF-8","article_modified_time":"2025-01-16T12:52:28+00:00","og_image":[{"width":390,"height":534,"url":"https:\/\/keverevents.nl\/wp-content\/uploads\/2019\/03\/pic-right.png","type":"image\/png"}],"twitter_card":"summary_large_image","twitter_misc":{"Gesch\u00e4tzte Lesezeit":"2\u00a0Minuten"},"schema":{"@context":"https:\/\/schema.org","@graph":[{"@type":"WebPage","@id":"https:\/\/keverevents.nl\/de\/unsere-oldtimer\/","url":"https:\/\/keverevents.nl\/de\/unsere-oldtimer\/","name":"Unsere Oldtimer - Kever Events","isPartOf":{"@id":"https:\/\/keverevents.nl\/de\/#website"},"primaryImageOfPage":{"@id":"https:\/\/keverevents.nl\/de\/unsere-oldtimer\/#primaryimage"},"image":{"@id":"https:\/\/keverevents.nl\/de\/unsere-oldtimer\/#primaryimage"},"thumbnailUrl":"https:\/\/keverevents.nl\/wp-content\/uploads\/2019\/03\/pic-right-219x300.png","datePublished":"2025-01-16T12:52:26+00:00","dateModified":"2025-01-16T12:52:28+00:00","description":"Unsere Oldtimer De Kevers und Volkswagen Vans wurden alle restauriert. Die besten Oldtimer f\u00fcr einen exklusiven Kurzurlaub","inLanguage":"de","potentialAction":[{"@type":"ReadAction","target":["https:\/\/keverevents.nl\/de\/unsere-oldtimer\/"]}]},{"@type":"ImageObject","inLanguage":"de","@id":"https:\/\/keverevents.nl\/de\/unsere-oldtimer\/#primaryimage","url":"https:\/\/keverevents.nl\/wp-content\/uploads\/2019\/03\/pic-right-219x300.png","contentUrl":"https:\/\/keverevents.nl\/wp-content\/uploads\/2019\/03\/pic-right-219x300.png"},{"@type":"WebSite","@id":"https:\/\/keverevents.nl\/de\/#website","url":"https:\/\/keverevents.nl\/de\/","name":"Kever Events","description":"Keverrally Volkswagen tour teamuitje","potentialAction":[{"@type":"SearchAction","target":{"@type":"EntryPoint","urlTemplate":"https:\/\/keverevents.nl\/de\/?s={search_term_string}"},"query-input":{"@type":"PropertyValueSpecification","valueRequired":true,"valueName":"search_term_string"}}],"inLanguage":"de"}]}},"_links":{"self":[{"href":"https:\/\/keverevents.nl\/de\/wp-json\/wp\/v2\/pages\/4724","targetHints":{"allow":["GET"]}}],"collection":[{"href":"https:\/\/keverevents.nl\/de\/wp-json\/wp\/v2\/pages"}],"about":[{"href":"https:\/\/keverevents.nl\/de\/wp-json\/wp\/v2\/types\/page"}],"author":[{"embeddable":true,"href":"https:\/\/keverevents.nl\/de\/wp-json\/wp\/v2\/users\/1"}],"replies":[{"embeddable":true,"href":"https:\/\/keverevents.nl\/de\/wp-json\/wp\/v2\/comments?post=4724"}],"version-history":[{"count":4,"href":"https:\/\/keverevents.nl\/de\/wp-json\/wp\/v2\/pages\/4724\/revisions"}],"predecessor-version":[{"id":4736,"href":"https:\/\/keverevents.nl\/de\/wp-json\/wp\/v2\/pages\/4724\/revisions\/4736"}],"wp:attachment":[{"href":"https:\/\/keverevents.nl\/de\/wp-json\/wp\/v2\/media?parent=4724"}],"curies":[{"name":"wp","href":"https:\/\/api.w.org\/{rel}","templated":true}]}}