{"id":4720,"date":"2025-01-16T13:52:26","date_gmt":"2025-01-16T12:52:26","guid":{"rendered":"https:\/\/keverevents.nl\/familienausflug-entdecken-sie-twente-overijssel\/"},"modified":"2025-01-16T13:52:27","modified_gmt":"2025-01-16T12:52:27","slug":"familienausflug-entdecken-sie-twente-overijssel","status":"publish","type":"page","link":"https:\/\/keverevents.nl\/de\/familienausflug-entdecken-sie-twente-overijssel\/","title":{"rendered":"Familienausflug Entdecken Sie Twente Overijssel"},"content":{"rendered":"<div class=\"wpb-content-wrapper\">[vc_row][vc_column][vc_row_inner][vc_column_inner][vc_column_text]\n<h3>Entdecken Sie Twente Overijssel mit einem <strong>VW-Bus oder K\u00e4fer-Cabrio<\/strong><\/h3>\n[\/vc_column_text][vc_empty_space][\/vc_column_inner][\/vc_row_inner][vc_row_inner][vc_column_inner width=&#8220;1\/2&#8243;][vc_column_text]\n<h2>Familienausflug Entdecken Sie Twente Overijssel<\/h2>\n<p><strong>Tagestour mit einem Volkswagen Van oder K\u00e4fer Cabrio<\/strong> Gehen Sie hinaus und entdecken Sie, wie sch\u00f6n Twente ist. Ein wundersch\u00f6ner Tourentag mit einem Volkswagen Van oder K\u00e4fer Cabrio. Schaffen Sie mit unseren Retro-Vans neue Erinnerungen und genie\u00dfen Sie nostalgisch. <strong>Programm<\/strong> Der Volkswagen steht mit einem getankten Tank und einer sch\u00f6nen Route f\u00fcr Sie bereit. Nach einer kurzen Einweisung \u00fcber die klassischen VW-Transporter oder K\u00e4fer k\u00f6nnen Sie sich selbst ans Steuer setzen. Wir starten den Motor und h\u00f6ren das unverkennbare Ger\u00e4usch des brodelnden luftgek\u00fchlten Motors. Das Fehlen von Servobremsen und Servolenkung ist etwas gew\u00f6hnungsbed\u00fcrftig, aber schon bald wird das Auto in den ersten von vier G\u00e4ngen eingelegt und die Fahrt beginnt. Die Playlist der Siebziger erklingt durch das Auto. Die Musik von Queen, ABBA und den Bee Gees l\u00e4sst diese nostalgische Zeit wieder aufleben. \u00dcberraschend, wie viel Platz in so einem VW-Bus noch \u00fcbrig ist. Erinnerungen an &#8222;die Vergangenheit&#8220; werden wachgerufen. Geschichten von Gro\u00dfv\u00e4tern\/Gro\u00dfm\u00fcttern, Onkeln und Tanten kommen spontan hoch. Der sch\u00f6nste Ausflug mit der Familie kann jetzt beginnen. Folgen Sie den Anweisungen auf der Route und lassen Sie sich \u00fcberraschen, wie sch\u00f6n Twente ist. Mindestalter Fahrer 20 Jahre und mindestens 2 Jahre im Besitz des F\u00fchrerscheins oder \u00fcber ausreichende Fahrerfahrung verf\u00fcgen. Klassiker k\u00f6nnen in unserer Industriehalle in Albergen abgeholt werden. Ihr Auto k\u00f6nnen Sie hier kostenlos parken. Sch\u00f6n als Geschenkgutschein zu Ostern, Christi Himmelfahrt, Pfingsten oder zum Beispiel Vatertag \/ Muttertag.                  <\/p>\n<h3>Tipps f\u00fcr nostalgische Touren!<\/h3>\n<p>  Wir haben tolle Tipps f\u00fcr Sie und eine sch\u00f6ne Route, um durch die sch\u00f6ne Umgebung von Twente zu fahren. Eine Reihe von sch\u00f6nen Ausflugszielen sind Ootmarsum, die Erdbeere Manderveen, das Schloss Bad Bentheim, das Landgut Twickel in der N\u00e4he von Delden oder die Wasserm\u00fchle von Denekamp auf dem Landgut Singraven. Hier k\u00f6nnen Sie ein Picknick oder vielleicht ein Fotoshooting genie\u00dfen. Wir m\u00f6chten Sie im sch\u00f6nen Twente willkommen hei\u00dfen, um sch\u00f6ne Erinnerungen zu sammeln und in Erinnerungen zu schwelgen. Der Ort, an dem die Transporter abgeholt werden k\u00f6nnen, befindet sich bereits in einer l\u00e4ndlichen Gegend in der N\u00e4he von Almelo. Der VW-Bus scheint die Menschen allein durch seine Einfachheit zu verbinden. Probieren Sie es selbst aus und setzen Sie sich hinter das Steuer des spa\u00dfigsten Klassikers! &#8222;Der VW-Bus&#8220;. Kontaktieren Sie uns noch heute unverbindlich!          <strong>Familienausflug: Entdecken Sie Twente Overijssel und eine Aktivit\u00e4t, die das ganze Jahr \u00fcber gebucht werden kann!<\/strong>[\/vc_column_text][vc_btn title=&#8220;Kontaktieren Sie uns noch heute&#8220; color=&#8220;danger&#8220; link=&#8220;url:https%3A%2F%2Fkeverevents.nl%2Fcontact%2F|title:Kontakt|&#8220; css=&#8220;.vc_custom_1591776138417{padding-top: 30px !important;}&#8220;][\/vc_column_inner][vc_column_inner width=&#8220;1\/2&#8243;][vc_single_image image=&#8220;813&#8243; img_size=&#8220;large&#8220; css=&#8220;.vc_custom_1591774740955{padding-bottom: 30px !important;}&#8220;][vc_single_image image=&#8220;2558&#8243; img_size=&#8220;large&#8220; css=&#8220;.vc_custom_1591774750934{padding-bottom: 30px !important;}&#8220;][vc_single_image image=&#8220;2547&#8243; img_size=&#8220;large&#8220; css=&#8220;.vc_custom_1591776270616{padding-bottom: 30px !important;}&#8220;][\/vc_column_inner][\/vc_row_inner][vc_empty_space][\/vc_column][\/vc_row]\n<\/div>","protected":false},"excerpt":{"rendered":"<p>[vc_row][vc_column][vc_row_inner][vc_column_inner][vc_column_text] Entdecken Sie Twente Overijssel mit einem VW-Bus oder K\u00e4fer-Cabrio [\/vc_column_text][vc_empty_space][\/vc_column_inner][\/vc_row_inner][vc_row_inner][vc_column_inner width=&#8220;1\/2&#8243;][vc_column_text] Familienausflug Entdecken Sie Twente Overijssel Tagestour mit einem Volkswagen Van oder K\u00e4fer Cabrio Gehen Sie hinaus und entdecken Sie, wie sch\u00f6n Twente ist. Ein wundersch\u00f6ner Tourentag mit einem Volkswagen Van oder K\u00e4fer Cabrio. Schaffen Sie mit unseren Retro-Vans neue Erinnerungen und genie\u00dfen Sie&hellip;<\/p>\n","protected":false},"author":2,"featured_media":0,"parent":0,"menu_order":0,"comment_status":"closed","ping_status":"closed","template":"","meta":{"_acf_changed":false,"om_disable_all_campaigns":false,"_monsterinsights_skip_tracking":false,"_monsterinsights_sitenote_active":false,"_monsterinsights_sitenote_note":"","_monsterinsights_sitenote_category":0,"_uf_show_specific_survey":0,"_uf_disable_surveys":false,"footnotes":""},"class_list":["post-4720","page","type-page","status-publish","hentry","description-off"],"acf":[],"aioseo_notices":[],"yoast_head":"<!-- This site is optimized with the Yoast SEO plugin v27.5 - https:\/\/yoast.com\/product\/yoast-seo-wordpress\/ -->\n<title>Familienausflug Entdecken Sie Twente Overijssel - Kever Events<\/title>\n<meta name=\"description\" content=\"Familienausflug: Entdecken Sie Twente Overijssel mit einem K\u00e4fer oder VW-Bus mit einer sch\u00f6nen Route entlang sch\u00f6ner Orte und sammeln Sie neue Erinnerungen\" \/>\n<meta name=\"robots\" content=\"index, follow, max-snippet:-1, max-image-preview:large, max-video-preview:-1\" \/>\n<link rel=\"canonical\" href=\"https:\/\/keverevents.nl\/de\/familienausflug-entdecken-sie-twente-overijssel\/\" \/>\n<meta property=\"og:locale\" content=\"de_DE\" \/>\n<meta property=\"og:type\" content=\"article\" \/>\n<meta property=\"og:title\" content=\"Familienausflug Entdecken Sie Twente Overijssel - Kever Events\" \/>\n<meta property=\"og:description\" content=\"Familienausflug: Entdecken Sie Twente Overijssel mit einem K\u00e4fer oder VW-Bus mit einer sch\u00f6nen Route entlang sch\u00f6ner Orte und sammeln Sie neue Erinnerungen\" \/>\n<meta property=\"og:url\" content=\"https:\/\/keverevents.nl\/de\/familienausflug-entdecken-sie-twente-overijssel\/\" \/>\n<meta property=\"og:site_name\" content=\"Kever Events\" \/>\n<meta property=\"article:publisher\" content=\"https:\/\/www.google.com\/search?client=safari&amp;amp%3bamp%3bamp%3brls=en&amp;amp%3bamp%3bamp%3bq=keverevents%20facebook&amp;amp%3bamp%3bamp%3bie=UTF-8&amp;amp%3bamp%3bamp%3boe=UTF-8\" \/>\n<meta property=\"article:modified_time\" content=\"2025-01-16T12:52:27+00:00\" \/>\n<meta name=\"twitter:card\" content=\"summary_large_image\" \/>\n<meta name=\"twitter:label1\" content=\"Gesch\u00e4tzte Lesezeit\" \/>\n\t<meta name=\"twitter:data1\" content=\"3\u00a0Minuten\" \/>\n<script type=\"application\/ld+json\" class=\"yoast-schema-graph\">{\"@context\":\"https:\\\/\\\/schema.org\",\"@graph\":[{\"@type\":\"WebPage\",\"@id\":\"https:\\\/\\\/keverevents.nl\\\/de\\\/familienausflug-entdecken-sie-twente-overijssel\\\/\",\"url\":\"https:\\\/\\\/keverevents.nl\\\/de\\\/familienausflug-entdecken-sie-twente-overijssel\\\/\",\"name\":\"Familienausflug Entdecken Sie Twente Overijssel - Kever Events\",\"isPartOf\":{\"@id\":\"https:\\\/\\\/keverevents.nl\\\/de\\\/#website\"},\"datePublished\":\"2025-01-16T12:52:26+00:00\",\"dateModified\":\"2025-01-16T12:52:27+00:00\",\"description\":\"Familienausflug: Entdecken Sie Twente Overijssel mit einem K\u00e4fer oder VW-Bus mit einer sch\u00f6nen Route entlang sch\u00f6ner Orte und sammeln Sie neue Erinnerungen\",\"inLanguage\":\"de\",\"potentialAction\":[{\"@type\":\"ReadAction\",\"target\":[\"https:\\\/\\\/keverevents.nl\\\/de\\\/familienausflug-entdecken-sie-twente-overijssel\\\/\"]}]},{\"@type\":\"WebSite\",\"@id\":\"https:\\\/\\\/keverevents.nl\\\/de\\\/#website\",\"url\":\"https:\\\/\\\/keverevents.nl\\\/de\\\/\",\"name\":\"Kever Events\",\"description\":\"Keverrally Volkswagen tour teamuitje\",\"potentialAction\":[{\"@type\":\"SearchAction\",\"target\":{\"@type\":\"EntryPoint\",\"urlTemplate\":\"https:\\\/\\\/keverevents.nl\\\/de\\\/?s={search_term_string}\"},\"query-input\":{\"@type\":\"PropertyValueSpecification\",\"valueRequired\":true,\"valueName\":\"search_term_string\"}}],\"inLanguage\":\"de\"}]}<\/script>\n<!-- \/ Yoast SEO plugin. -->","yoast_head_json":{"title":"Familienausflug Entdecken Sie Twente Overijssel - Kever Events","description":"Familienausflug: Entdecken Sie Twente Overijssel mit einem K\u00e4fer oder VW-Bus mit einer sch\u00f6nen Route entlang sch\u00f6ner Orte und sammeln Sie neue Erinnerungen","robots":{"index":"index","follow":"follow","max-snippet":"max-snippet:-1","max-image-preview":"max-image-preview:large","max-video-preview":"max-video-preview:-1"},"canonical":"https:\/\/keverevents.nl\/de\/familienausflug-entdecken-sie-twente-overijssel\/","og_locale":"de_DE","og_type":"article","og_title":"Familienausflug Entdecken Sie Twente Overijssel - Kever Events","og_description":"Familienausflug: Entdecken Sie Twente Overijssel mit einem K\u00e4fer oder VW-Bus mit einer sch\u00f6nen Route entlang sch\u00f6ner Orte und sammeln Sie neue Erinnerungen","og_url":"https:\/\/keverevents.nl\/de\/familienausflug-entdecken-sie-twente-overijssel\/","og_site_name":"Kever Events","article_publisher":"https:\/\/www.google.com\/search?client=safari&amp%3bamp%3bamp%3brls=en&amp%3bamp%3bamp%3bq=keverevents%20facebook&amp%3bamp%3bamp%3bie=UTF-8&amp%3bamp%3bamp%3boe=UTF-8","article_modified_time":"2025-01-16T12:52:27+00:00","twitter_card":"summary_large_image","twitter_misc":{"Gesch\u00e4tzte Lesezeit":"3\u00a0Minuten"},"schema":{"@context":"https:\/\/schema.org","@graph":[{"@type":"WebPage","@id":"https:\/\/keverevents.nl\/de\/familienausflug-entdecken-sie-twente-overijssel\/","url":"https:\/\/keverevents.nl\/de\/familienausflug-entdecken-sie-twente-overijssel\/","name":"Familienausflug Entdecken Sie Twente Overijssel - Kever Events","isPartOf":{"@id":"https:\/\/keverevents.nl\/de\/#website"},"datePublished":"2025-01-16T12:52:26+00:00","dateModified":"2025-01-16T12:52:27+00:00","description":"Familienausflug: Entdecken Sie Twente Overijssel mit einem K\u00e4fer oder VW-Bus mit einer sch\u00f6nen Route entlang sch\u00f6ner Orte und sammeln Sie neue Erinnerungen","inLanguage":"de","potentialAction":[{"@type":"ReadAction","target":["https:\/\/keverevents.nl\/de\/familienausflug-entdecken-sie-twente-overijssel\/"]}]},{"@type":"WebSite","@id":"https:\/\/keverevents.nl\/de\/#website","url":"https:\/\/keverevents.nl\/de\/","name":"Kever Events","description":"Keverrally Volkswagen tour teamuitje","potentialAction":[{"@type":"SearchAction","target":{"@type":"EntryPoint","urlTemplate":"https:\/\/keverevents.nl\/de\/?s={search_term_string}"},"query-input":{"@type":"PropertyValueSpecification","valueRequired":true,"valueName":"search_term_string"}}],"inLanguage":"de"}]}},"_links":{"self":[{"href":"https:\/\/keverevents.nl\/de\/wp-json\/wp\/v2\/pages\/4720","targetHints":{"allow":["GET"]}}],"collection":[{"href":"https:\/\/keverevents.nl\/de\/wp-json\/wp\/v2\/pages"}],"about":[{"href":"https:\/\/keverevents.nl\/de\/wp-json\/wp\/v2\/types\/page"}],"author":[{"embeddable":true,"href":"https:\/\/keverevents.nl\/de\/wp-json\/wp\/v2\/users\/2"}],"replies":[{"embeddable":true,"href":"https:\/\/keverevents.nl\/de\/wp-json\/wp\/v2\/comments?post=4720"}],"version-history":[{"count":4,"href":"https:\/\/keverevents.nl\/de\/wp-json\/wp\/v2\/pages\/4720\/revisions"}],"predecessor-version":[{"id":4729,"href":"https:\/\/keverevents.nl\/de\/wp-json\/wp\/v2\/pages\/4720\/revisions\/4729"}],"wp:attachment":[{"href":"https:\/\/keverevents.nl\/de\/wp-json\/wp\/v2\/media?parent=4720"}],"curies":[{"name":"wp","href":"https:\/\/api.w.org\/{rel}","templated":true}]}}