{"id":4712,"date":"2025-01-16T13:52:22","date_gmt":"2025-01-16T12:52:22","guid":{"rendered":"https:\/\/keverevents.nl\/unsere-kaefer-und-volkswagen-transporter\/"},"modified":"2025-01-16T13:52:23","modified_gmt":"2025-01-16T12:52:23","slug":"unsere-kaefer-und-volkswagen-transporter","status":"publish","type":"page","link":"https:\/\/keverevents.nl\/de\/unsere-kaefer-und-volkswagen-transporter\/","title":{"rendered":"Unsere K\u00e4fer und Volkswagen Transporter"},"content":{"rendered":"<div class=\"wpb-content-wrapper\">[vc_row][vc_column][vc_column_text]Unsere K\u00e4fer und Volkswagen Transporter Bei uns haben Sie die Wahl zwischen dem Volkswagen K\u00e4fer, dem VW K\u00e4fer Cabrio oder dem ach so coolen nostalgischen Volkswagen Van. Selbstverst\u00e4ndlich k\u00f6nnen Sie selbst fahren. Ein K\u00e4fer bietet Platz f\u00fcr bis zu 4 Personen und der Volkswagen Bus f\u00fcr 7 bis 8 Personen. Der Vorteil eines VW Busses ist, dass Sie mehr Kontakt zu Ihrem Team haben, mehr teamorientierte Aufgaben unterwegs haben und dass gr\u00f6\u00dfere Personen bequemer sitzen k\u00f6nnen. Alle Klassiker stammen aus den 60er und 70er Jahren. Servolenkung und Servobremsen geh\u00f6rten nicht zu den Optionen. Das macht das Fahren mit einem solchen Klassiker zu einem unvergesslichen Erlebnis. Denn was gibt es Sch\u00f6neres, als einen Oldtimer, VW oder K\u00e4fer zu fahren. Wir haben genug K\u00e4fer-Cabrios und Volkswagen Split-Vans, damit mehr als 200 Personen selbst fahren k\u00f6nnen. Erkundigen Sie sich schnell nach den M\u00f6glichkeiten!![\/vc_column_text][\/vc_column][vc_column][vc_single_image][\/vc_column][\/vc_row]\n<\/div>","protected":false},"excerpt":{"rendered":"<p>[vc_row][vc_column][vc_column_text]Unsere K\u00e4fer und Volkswagen Transporter Bei uns haben Sie die Wahl zwischen dem Volkswagen K\u00e4fer, dem VW K\u00e4fer Cabrio oder dem ach so coolen nostalgischen Volkswagen Van. Selbstverst\u00e4ndlich k\u00f6nnen Sie selbst fahren. Ein K\u00e4fer bietet Platz f\u00fcr bis zu 4 Personen und der Volkswagen Bus f\u00fcr 7 bis 8 Personen. Der Vorteil eines VW Busses&hellip;<\/p>\n","protected":false},"author":2,"featured_media":0,"parent":0,"menu_order":0,"comment_status":"closed","ping_status":"closed","template":"","meta":{"_acf_changed":false,"om_disable_all_campaigns":false,"_monsterinsights_skip_tracking":false,"_monsterinsights_sitenote_active":false,"_monsterinsights_sitenote_note":"","_monsterinsights_sitenote_category":0,"_uf_show_specific_survey":0,"_uf_disable_surveys":false,"footnotes":""},"class_list":["post-4712","page","type-page","status-publish","hentry","description-off"],"acf":[],"aioseo_notices":[],"yoast_head":"<!-- This site is optimized with the Yoast SEO plugin v27.3 - https:\/\/yoast.com\/product\/yoast-seo-wordpress\/ -->\n<title>Unsere K\u00e4fer und Volkswagen Transporter - Kever Events<\/title>\n<meta name=\"robots\" content=\"index, follow, max-snippet:-1, max-image-preview:large, max-video-preview:-1\" \/>\n<link rel=\"canonical\" href=\"https:\/\/keverevents.nl\/de\/unsere-kaefer-und-volkswagen-transporter\/\" \/>\n<meta property=\"og:locale\" content=\"de_DE\" \/>\n<meta property=\"og:type\" content=\"article\" \/>\n<meta property=\"og:title\" content=\"Unsere K\u00e4fer und Volkswagen Transporter - Kever Events\" \/>\n<meta property=\"og:description\" content=\"[vc_row][vc_column][vc_column_text]Unsere K\u00e4fer und Volkswagen Transporter Bei uns haben Sie die Wahl zwischen dem Volkswagen K\u00e4fer, dem VW K\u00e4fer Cabrio oder dem ach so coolen nostalgischen Volkswagen Van. Selbstverst\u00e4ndlich k\u00f6nnen Sie selbst fahren. Ein K\u00e4fer bietet Platz f\u00fcr bis zu 4 Personen und der Volkswagen Bus f\u00fcr 7 bis 8 Personen. Der Vorteil eines VW Busses&hellip;\" \/>\n<meta property=\"og:url\" content=\"https:\/\/keverevents.nl\/de\/unsere-kaefer-und-volkswagen-transporter\/\" \/>\n<meta property=\"og:site_name\" content=\"Kever Events\" \/>\n<meta property=\"article:publisher\" content=\"https:\/\/www.google.com\/search?client=safari&amp;amp%3bamp%3bamp%3brls=en&amp;amp%3bamp%3bamp%3bq=keverevents%20facebook&amp;amp%3bamp%3bamp%3bie=UTF-8&amp;amp%3bamp%3bamp%3boe=UTF-8\" \/>\n<meta property=\"article:modified_time\" content=\"2025-01-16T12:52:23+00:00\" \/>\n<meta name=\"twitter:card\" content=\"summary_large_image\" \/>\n<meta name=\"twitter:label1\" content=\"Gesch\u00e4tzte Lesezeit\" \/>\n\t<meta name=\"twitter:data1\" content=\"1\u00a0Minute\" \/>\n<script type=\"application\/ld+json\" class=\"yoast-schema-graph\">{\"@context\":\"https:\\\/\\\/schema.org\",\"@graph\":[{\"@type\":\"WebPage\",\"@id\":\"https:\\\/\\\/keverevents.nl\\\/de\\\/unsere-kaefer-und-volkswagen-transporter\\\/\",\"url\":\"https:\\\/\\\/keverevents.nl\\\/de\\\/unsere-kaefer-und-volkswagen-transporter\\\/\",\"name\":\"Unsere K\u00e4fer und Volkswagen Transporter - Kever Events\",\"isPartOf\":{\"@id\":\"https:\\\/\\\/keverevents.nl\\\/de\\\/#website\"},\"datePublished\":\"2025-01-16T12:52:22+00:00\",\"dateModified\":\"2025-01-16T12:52:23+00:00\",\"inLanguage\":\"de\",\"potentialAction\":[{\"@type\":\"ReadAction\",\"target\":[\"https:\\\/\\\/keverevents.nl\\\/de\\\/unsere-kaefer-und-volkswagen-transporter\\\/\"]}]},{\"@type\":\"WebSite\",\"@id\":\"https:\\\/\\\/keverevents.nl\\\/de\\\/#website\",\"url\":\"https:\\\/\\\/keverevents.nl\\\/de\\\/\",\"name\":\"Kever Events\",\"description\":\"Keverrally Volkswagen tour teamuitje\",\"potentialAction\":[{\"@type\":\"SearchAction\",\"target\":{\"@type\":\"EntryPoint\",\"urlTemplate\":\"https:\\\/\\\/keverevents.nl\\\/de\\\/?s={search_term_string}\"},\"query-input\":{\"@type\":\"PropertyValueSpecification\",\"valueRequired\":true,\"valueName\":\"search_term_string\"}}],\"inLanguage\":\"de\"}]}<\/script>\n<!-- \/ Yoast SEO plugin. -->","yoast_head_json":{"title":"Unsere K\u00e4fer und Volkswagen Transporter - Kever Events","robots":{"index":"index","follow":"follow","max-snippet":"max-snippet:-1","max-image-preview":"max-image-preview:large","max-video-preview":"max-video-preview:-1"},"canonical":"https:\/\/keverevents.nl\/de\/unsere-kaefer-und-volkswagen-transporter\/","og_locale":"de_DE","og_type":"article","og_title":"Unsere K\u00e4fer und Volkswagen Transporter - Kever Events","og_description":"[vc_row][vc_column][vc_column_text]Unsere K\u00e4fer und Volkswagen Transporter Bei uns haben Sie die Wahl zwischen dem Volkswagen K\u00e4fer, dem VW K\u00e4fer Cabrio oder dem ach so coolen nostalgischen Volkswagen Van. Selbstverst\u00e4ndlich k\u00f6nnen Sie selbst fahren. Ein K\u00e4fer bietet Platz f\u00fcr bis zu 4 Personen und der Volkswagen Bus f\u00fcr 7 bis 8 Personen. Der Vorteil eines VW Busses&hellip;","og_url":"https:\/\/keverevents.nl\/de\/unsere-kaefer-und-volkswagen-transporter\/","og_site_name":"Kever Events","article_publisher":"https:\/\/www.google.com\/search?client=safari&amp%3bamp%3bamp%3brls=en&amp%3bamp%3bamp%3bq=keverevents%20facebook&amp%3bamp%3bamp%3bie=UTF-8&amp%3bamp%3bamp%3boe=UTF-8","article_modified_time":"2025-01-16T12:52:23+00:00","twitter_card":"summary_large_image","twitter_misc":{"Gesch\u00e4tzte Lesezeit":"1\u00a0Minute"},"schema":{"@context":"https:\/\/schema.org","@graph":[{"@type":"WebPage","@id":"https:\/\/keverevents.nl\/de\/unsere-kaefer-und-volkswagen-transporter\/","url":"https:\/\/keverevents.nl\/de\/unsere-kaefer-und-volkswagen-transporter\/","name":"Unsere K\u00e4fer und Volkswagen Transporter - Kever Events","isPartOf":{"@id":"https:\/\/keverevents.nl\/de\/#website"},"datePublished":"2025-01-16T12:52:22+00:00","dateModified":"2025-01-16T12:52:23+00:00","inLanguage":"de","potentialAction":[{"@type":"ReadAction","target":["https:\/\/keverevents.nl\/de\/unsere-kaefer-und-volkswagen-transporter\/"]}]},{"@type":"WebSite","@id":"https:\/\/keverevents.nl\/de\/#website","url":"https:\/\/keverevents.nl\/de\/","name":"Kever Events","description":"Keverrally Volkswagen tour teamuitje","potentialAction":[{"@type":"SearchAction","target":{"@type":"EntryPoint","urlTemplate":"https:\/\/keverevents.nl\/de\/?s={search_term_string}"},"query-input":{"@type":"PropertyValueSpecification","valueRequired":true,"valueName":"search_term_string"}}],"inLanguage":"de"}]}},"_links":{"self":[{"href":"https:\/\/keverevents.nl\/de\/wp-json\/wp\/v2\/pages\/4712","targetHints":{"allow":["GET"]}}],"collection":[{"href":"https:\/\/keverevents.nl\/de\/wp-json\/wp\/v2\/pages"}],"about":[{"href":"https:\/\/keverevents.nl\/de\/wp-json\/wp\/v2\/types\/page"}],"author":[{"embeddable":true,"href":"https:\/\/keverevents.nl\/de\/wp-json\/wp\/v2\/users\/2"}],"replies":[{"embeddable":true,"href":"https:\/\/keverevents.nl\/de\/wp-json\/wp\/v2\/comments?post=4712"}],"version-history":[{"count":1,"href":"https:\/\/keverevents.nl\/de\/wp-json\/wp\/v2\/pages\/4712\/revisions"}],"predecessor-version":[{"id":4718,"href":"https:\/\/keverevents.nl\/de\/wp-json\/wp\/v2\/pages\/4712\/revisions\/4718"}],"wp:attachment":[{"href":"https:\/\/keverevents.nl\/de\/wp-json\/wp\/v2\/media?parent=4712"}],"curies":[{"name":"wp","href":"https:\/\/api.w.org\/{rel}","templated":true}]}}