{"id":4700,"date":"2025-01-16T13:52:21","date_gmt":"2025-01-16T12:52:21","guid":{"rendered":"https:\/\/keverevents.nl\/endwertung-mit-track-trace-system-und-strafpunkten\/"},"modified":"2025-01-16T13:52:23","modified_gmt":"2025-01-16T12:52:23","slug":"endwertung-mit-track-trace-system-und-strafpunkten","status":"publish","type":"page","link":"https:\/\/keverevents.nl\/de\/endwertung-mit-track-trace-system-und-strafpunkten\/","title":{"rendered":"Endwertung mit Track &amp; Trace-System und Strafpunkten"},"content":{"rendered":"<div class=\"wpb-content-wrapper\">[vc_row][vc_column][vc_column_text]\n<h3>Erl\u00e4uterung der endg\u00fcltigen Einstufung<\/h3>\n<h2>Oldtimer-Rallye<\/h2>\n[\/vc_column_text][vc_row_inner][vc_column_inner][vc_column_text]\n<p class=\"p1\"><span class=\"s1\">  Die Rallye besteht aus 4 Strecken von jeweils etwa einer halben Stunde bis einer Dreiviertelstunde. Jede Route hat ihre eigene Navigationsmethode. Eine Fotoroute, ein Punktpfeil, einander und eine Mystery-Technik. Ziel ist es, die Strecke so genau und sicher wie m\u00f6glich zu fahren und durch Aufgaben am Wegesrand und das Frage-\/Aufgabenformular Punkte zu sammeln. Ein GPS-System hat alle Teams im Auge, damit wir im Nachhinein eine abschlie\u00dfende Rangliste erstellen k\u00f6nnen. Entlang des Weges gibt es unsichtbare Blitzer, die Strafpunkte f\u00fcr Geschwindigkeits\u00fcberschreitungen vergeben.       <\/span><\/p>\n<p class=\"p1\"><span class=\"s1\">Nach jeder Route von ca. 30-45 min. Sie werden an einem Checkpoint abgeholt. Hier seht ihr eure Rallye-Fahrerkollegen wieder. Hier findet auch eine Team-Challenge (Einsatz mit dem Auto) statt und man kann z.B. den Fahrer wechseln. Sie erhalten etwas zu trinken und leckere Erfrischungen. Das Erlebnis des Rallyefahrens ist hier in aller Munde.    <\/span><\/p>\n<p><img loading=\"lazy\" decoding=\"async\" class=\" wp-image-2977 alignleft\" src=\"https:\/\/keverevents.nl\/wp-content\/uploads\/2018\/12\/eindklassement-300x300.jpg\" alt=\"\" width=\"191\" height=\"191\" srcset=\"https:\/\/keverevents.nl\/wp-content\/uploads\/2018\/12\/eindklassement-300x300.jpg 300w, https:\/\/keverevents.nl\/wp-content\/uploads\/2018\/12\/eindklassement-150x150.jpg 150w, https:\/\/keverevents.nl\/wp-content\/uploads\/2018\/12\/eindklassement-768x768.jpg 768w, https:\/\/keverevents.nl\/wp-content\/uploads\/2018\/12\/eindklassement.jpg 800w\" sizes=\"auto, (max-width: 191px) 100vw, 191px\" \/>Die Teams werden w\u00e4hrend des Teameinsatzes lautstark angefeuert. Nach einer Viertelstunde geht es weiter zum n\u00e4chsten Checkpoint (Rastpunkt). Ein sch\u00f6ner Ort, an dem Sie eine Tasse Kaffee \/ Tee und andere K\u00f6stlichkeiten genie\u00dfen k\u00f6nnen. Noch ein 3. Checkpoint und Team-Challenge und die Rallye ist fast vorbei. Im Ziel wird man unter dem Rallye-Bogen durchgeflaggt und es kann die Spannung abgebaut werden, wer die Strecke absolviert hat und das Team am besten herausfordert.[\/vc_column_text][\/vc_column_inner][\/vc_row_inner][vc_empty_space][vc_tabs interval=&#8220;0&#8243; tab_active_color=&#8220;#ffffff&#8220; tabs_bg=&#8220;#bfbfbf&#8220; tab_bg=&#8220;#ce0a15&#8243; el_class=&#8220;tabbladen&#8220;][vc_tab title=&#8220;Frage 1&#8243; tab_id=&#8220;1493716128710-3-0&#8243;][vc_column_text]\n<p class=\"p1\"><span class=\"s1\">Punkte k\u00f6nnen pro Streckenabschnitt gesammelt werden, indem die Strecke so <b>fehlerfrei <\/b><b>wie m\u00f6glich gefahren<\/b> wird. Pro Strecke gibt es 100 Punkte zu verdienen. Das beste Team bekommt 100 Punkte, das n\u00e4chste 99 und so weiter. Also bei 4 Routen maximal 400 Punkte. Teams, die <b>Geschwindigkeits\u00fcberschreitungen <\/b>unterbinden oder begehen, erhalten Strafpunkte. Punkte k\u00f6nnen auch verdient werden, indem man eine Strecke mit einer vorher festgelegten Durchschnittsgeschwindigkeit f\u00e4hrt. Die <b>Regelm\u00e4\u00dfigkeitspr\u00fcfung.<\/b>      <\/span><\/p>\n[\/vc_column_text][\/vc_tab][vc_tab title=&#8220;Frage 2&#8243; tab_id=&#8220;1489755772-1-92e182-15d8&#8243;][vc_column_text]\n<p class=\"p1\"><span class=\"s1\">F\u00fcr die Team-Challenges auf dem Weg, wie z.B. die blinde Navigation, k\u00f6nnen auch 100 Punkte f\u00fcr die leistungsst\u00e4rksten Teams verdient werden. So ist es m\u00f6glich, einerseits unsere sch\u00f6nen VW-Transporter und K\u00e4fer Cabrios in vollen Z\u00fcgen zu genie\u00dfen und andererseits eine sch\u00f6ne Landstrecke mit lustigen Eins\u00e4tzen. Alle Autos sind mit einem    <\/span><span class=\"s2\">Track-Trace-System<\/span>, um <span class=\"s1\"> die zur\u00fcckgelegte Route <\/span><span class=\"s2\">im Nachhinein<\/span> <span class=\"s1\">sehen zu k\u00f6nnen<\/span>. <\/p>\n[\/vc_column_text][\/vc_tab][vc_tab title=&#8220;Frage 3&#8243; tab_id=&#8220;1489755772-2-18e182-15d8&#8243;][vc_column_text]Auch Fragen zur Umwelt oder zur eigenen Organisation spielen einen wichtigen Anteil im finalen Ranking. Pro Route und Team-Challenge k\u00f6nnen maximal 100 Punkte verdient werden. Es gibt vier Routen und 2 Zuweisungen. Also insgesamt 600 Punkte. Platz 1: 100 Punkte, Platz 2: 99 Punkte, Platz 3: 98 Punkte.      <strong>Bei Geschwindigkeits\u00fcberschreitung gibt es 20 Strafpunkte pro Versto\u00df.<\/strong>  Alle Zeiten werden in der Endwertung im Ziel digital verarbeitet. Klicken Sie auf das Beispiel unten. Optimaler und sicherer Genuss ist die Devise. Ein sch\u00f6ner Nebeneffekt ist, dass die finale Einstufung noch lange Gespr\u00e4chsthema bleiben wird. Schlie\u00dflich geht es nicht um die am schnellsten gefahrene, sondern um die am besten gefahrene Strecke. Das finale Ranking kann personalisiert und mit Ihrem Firmenlogo versehen werden. Also ideal f\u00fcr einen Beziehungstag.        &nbsp;<\/p>\n<p><img loading=\"lazy\" decoding=\"async\" class=\"alignnone wp-image-439 size-full\" src=\"https:\/\/keverevents.nl\/wp-content\/uploads\/2017\/05\/Keverevents-3.jpg\" alt=\"\" width=\"1230\" height=\"501\" srcset=\"https:\/\/keverevents.nl\/wp-content\/uploads\/2017\/05\/Keverevents-3.jpg 1230w, https:\/\/keverevents.nl\/wp-content\/uploads\/2017\/05\/Keverevents-3-300x122.jpg 300w, https:\/\/keverevents.nl\/wp-content\/uploads\/2017\/05\/Keverevents-3-768x313.jpg 768w, https:\/\/keverevents.nl\/wp-content\/uploads\/2017\/05\/Keverevents-3-1024x417.jpg 1024w\" sizes=\"auto, (max-width: 1230px) 100vw, 1230px\" \/>[\/vc_column_text][\/vc_tab][\/vc_tabs][vc_empty_space]<style type=\"text\/css\" data-type=\"the7_shortcodes-inline-css\">.gallery-shortcode.gallery-masonry-shortcode-id-839fac9a34737af225e580d91b534ca7 figure,\n.gallery-shortcode.gallery-masonry-shortcode-id-839fac9a34737af225e580d91b534ca7 .rollover,\n.gallery-shortcode.gallery-masonry-shortcode-id-839fac9a34737af225e580d91b534ca7 img,\n.gallery-shortcode.gallery-masonry-shortcode-id-839fac9a34737af225e580d91b534ca7 .gallery-rollover {\n  border-radius: 0px;\n}\n.gallery-shortcode.gallery-masonry-shortcode-id-839fac9a34737af225e580d91b534ca7.enable-bg-rollover .gallery-rollover {\n  background: -webkit-linear-gradient();\n  background: linear-gradient();\n}\n.gallery-shortcode.gallery-masonry-shortcode-id-839fac9a34737af225e580d91b534ca7.enable-bg-rollover.hover-scale figure .rollover:after {\n  background: -webkit-linear-gradient();\n  background: linear-gradient();\n}\n.gallery-shortcode.gallery-masonry-shortcode-id-839fac9a34737af225e580d91b534ca7 .gallery-zoom-ico {\n  width: 44px;\n  height: 44px;\n  line-height: 44px;\n  border-radius: 100px;\n  margin: -22px 0 0 -22px;\n  border-width: 0px;\n  color: #ffffff;\n}\n.dt-icon-bg-on.gallery-shortcode.gallery-masonry-shortcode-id-839fac9a34737af225e580d91b534ca7 .gallery-zoom-ico {\n  background: rgba(255,255,255,0.3);\n  box-shadow: none;\n}\n.gallery-shortcode.gallery-masonry-shortcode-id-839fac9a34737af225e580d91b534ca7 .gallery-zoom-ico:before,\n.gallery-shortcode.gallery-masonry-shortcode-id-839fac9a34737af225e580d91b534ca7 .gallery-zoom-ico span {\n  font-size: 32px;\n  line-height: 44px;\n  color: #ffffff;\n}\n.gallery-shortcode.gallery-masonry-shortcode-id-839fac9a34737af225e580d91b534ca7:not(.resize-by-browser-width) .dt-css-grid {\n  grid-row-gap: 10px;\n  grid-column-gap: 10px;\n  grid-template-columns: repeat(auto-fill,minmax(,1fr));\n}\n.gallery-shortcode.gallery-masonry-shortcode-id-839fac9a34737af225e580d91b534ca7:not(.resize-by-browser-width) .dt-css-grid .double-width {\n  grid-column: span 2;\n}\n.cssgridlegacy.no-cssgrid .gallery-shortcode.gallery-masonry-shortcode-id-839fac9a34737af225e580d91b534ca7:not(.resize-by-browser-width) .dt-css-grid,\n.no-cssgridlegacy.no-cssgrid .gallery-shortcode.gallery-masonry-shortcode-id-839fac9a34737af225e580d91b534ca7:not(.resize-by-browser-width) .dt-css-grid {\n  display: flex;\n  flex-flow: row wrap;\n  margin: -5px;\n}\n.cssgridlegacy.no-cssgrid .gallery-shortcode.gallery-masonry-shortcode-id-839fac9a34737af225e580d91b534ca7:not(.resize-by-browser-width) .dt-css-grid .wf-cell,\n.no-cssgridlegacy.no-cssgrid .gallery-shortcode.gallery-masonry-shortcode-id-839fac9a34737af225e580d91b534ca7:not(.resize-by-browser-width) .dt-css-grid .wf-cell {\n  flex: 1 0 ;\n  max-width: 100%;\n  padding: 5px;\n  box-sizing: border-box;\n}\n.gallery-shortcode.gallery-masonry-shortcode-id-839fac9a34737af225e580d91b534ca7.resize-by-browser-width .dt-css-grid {\n  grid-template-columns: repeat(3,1fr);\n  grid-template-rows: auto;\n  grid-column-gap: 10px;\n  grid-row-gap: 10px;\n}\n.gallery-shortcode.gallery-masonry-shortcode-id-839fac9a34737af225e580d91b534ca7.resize-by-browser-width .dt-css-grid .double-width {\n  grid-column: span 2;\n}\n.cssgridlegacy.no-cssgrid .gallery-shortcode.gallery-masonry-shortcode-id-839fac9a34737af225e580d91b534ca7.resize-by-browser-width .dt-css-grid {\n  margin: -5px;\n}\n.cssgridlegacy.no-cssgrid .gallery-shortcode.gallery-masonry-shortcode-id-839fac9a34737af225e580d91b534ca7.resize-by-browser-width .dt-css-grid .wf-cell {\n  width: 33.333333333333%;\n  padding: 5px;\n}\n.cssgridlegacy.no-cssgrid .gallery-shortcode.gallery-masonry-shortcode-id-839fac9a34737af225e580d91b534ca7.resize-by-browser-width .dt-css-grid .wf-cell.double-width {\n  width: calc(33.333333333333%) * 2;\n}\n.gallery-shortcode.gallery-masonry-shortcode-id-839fac9a34737af225e580d91b534ca7.resize-by-browser-width:not(.centered-layout-list):not(.content-bg-on) .dt-css-grid {\n  grid-row-gap: 10px - ;\n}\n@media screen and (max-width: 1199px) {\n  .gallery-shortcode.gallery-masonry-shortcode-id-839fac9a34737af225e580d91b534ca7.resize-by-browser-width .dt-css-grid {\n    grid-template-columns: repeat(4,1fr);\n  }\n  .cssgridlegacy.no-cssgrid .gallery-shortcode.gallery-masonry-shortcode-id-839fac9a34737af225e580d91b534ca7.resize-by-browser-width .dt-css-grid .wf-cell,\n  .no-cssgridlegacy.no-cssgrid .gallery-shortcode.gallery-masonry-shortcode-id-839fac9a34737af225e580d91b534ca7.resize-by-browser-width .dt-css-grid .wf-cell {\n    width: 25%;\n  }\n  .cssgridlegacy.no-cssgrid .gallery-shortcode.gallery-masonry-shortcode-id-839fac9a34737af225e580d91b534ca7.resize-by-browser-width .dt-css-grid .wf-cell.double-width,\n  .no-cssgridlegacy.no-cssgrid .gallery-shortcode.gallery-masonry-shortcode-id-839fac9a34737af225e580d91b534ca7.resize-by-browser-width .dt-css-grid .wf-cell.double-width {\n    width: calc(25%)*2;\n  }\n}\n@media screen and (max-width: 991px) {\n  .gallery-shortcode.gallery-masonry-shortcode-id-839fac9a34737af225e580d91b534ca7.resize-by-browser-width .dt-css-grid {\n    grid-template-columns: repeat(3,1fr);\n  }\n  .cssgridlegacy.no-cssgrid .gallery-shortcode.gallery-masonry-shortcode-id-839fac9a34737af225e580d91b534ca7.resize-by-browser-width .dt-css-grid .wf-cell,\n  .no-cssgridlegacy.no-cssgrid .gallery-shortcode.gallery-masonry-shortcode-id-839fac9a34737af225e580d91b534ca7.resize-by-browser-width .dt-css-grid .wf-cell {\n    width: 33.333333333333%;\n  }\n  .cssgridlegacy.no-cssgrid .gallery-shortcode.gallery-masonry-shortcode-id-839fac9a34737af225e580d91b534ca7.resize-by-browser-width .dt-css-grid .wf-cell.double-width,\n  .no-cssgridlegacy.no-cssgrid .gallery-shortcode.gallery-masonry-shortcode-id-839fac9a34737af225e580d91b534ca7.resize-by-browser-width .dt-css-grid .wf-cell.double-width {\n    width: calc(33.333333333333%)*2;\n  }\n}\n@media screen and (max-width: 767px) {\n  .gallery-shortcode.gallery-masonry-shortcode-id-839fac9a34737af225e580d91b534ca7.resize-by-browser-width .dt-css-grid {\n    grid-template-columns: repeat(2,1fr);\n  }\n  .cssgridlegacy.no-cssgrid .gallery-shortcode.gallery-masonry-shortcode-id-839fac9a34737af225e580d91b534ca7.resize-by-browser-width .dt-css-grid .wf-cell,\n  .no-cssgridlegacy.no-cssgrid .gallery-shortcode.gallery-masonry-shortcode-id-839fac9a34737af225e580d91b534ca7.resize-by-browser-width .dt-css-grid .wf-cell {\n    width: 50%;\n  }\n  .cssgridlegacy.no-cssgrid .gallery-shortcode.gallery-masonry-shortcode-id-839fac9a34737af225e580d91b534ca7.resize-by-browser-width .dt-css-grid .wf-cell.double-width,\n  .no-cssgridlegacy.no-cssgrid .gallery-shortcode.gallery-masonry-shortcode-id-839fac9a34737af225e580d91b534ca7.resize-by-browser-width .dt-css-grid .wf-cell.double-width {\n    width: calc(50%)*2;\n  }\n}\n<\/style><div class=\"gallery-shortcode dt-gallery-container gallery-masonry-shortcode-id-839fac9a34737af225e580d91b534ca7 mode-masonry jquery-filter dt-icon-bg-off quick-scale-img enable-bg-rollover resize-by-browser-width  hover-fade loading-effect-fade-in description-on-hover\" data-padding=\"5px\" data-cur-page=\"1\" data-post-limit=\"-1\" data-pagination-mode=\"none\" data-desktop-columns-num=\"3\" data-v-tablet-columns-num=\"3\" data-h-tablet-columns-num=\"4\" data-phone-columns-num=\"2\" data-width=\"0px\" data-columns=\"0\"><div class=\"iso-container\" ><\/div><!-- iso-container|iso-grid --><\/div>[\/vc_column][\/vc_row]\n<\/div>","protected":false},"excerpt":{"rendered":"<p>[vc_row][vc_column][vc_column_text] Erl\u00e4uterung der endg\u00fcltigen Einstufung Oldtimer-Rallye [\/vc_column_text][vc_row_inner][vc_column_inner][vc_column_text] Die Rallye besteht aus 4 Strecken von jeweils etwa einer halben Stunde bis einer Dreiviertelstunde. Jede Route hat ihre eigene Navigationsmethode. Eine Fotoroute, ein Punktpfeil, einander und eine Mystery-Technik. Ziel ist es, die Strecke so genau und sicher wie m\u00f6glich zu fahren und durch Aufgaben am Wegesrand und&hellip;<\/p>\n","protected":false},"author":1,"featured_media":0,"parent":0,"menu_order":0,"comment_status":"closed","ping_status":"closed","template":"","meta":{"_acf_changed":false,"om_disable_all_campaigns":false,"_monsterinsights_skip_tracking":false,"_monsterinsights_sitenote_active":false,"_monsterinsights_sitenote_note":"","_monsterinsights_sitenote_category":0,"_uf_show_specific_survey":0,"_uf_disable_surveys":false,"footnotes":""},"class_list":["post-4700","page","type-page","status-publish","hentry","description-off"],"acf":[],"aioseo_notices":[],"yoast_head":"<!-- This site is optimized with the Yoast SEO plugin v27.5 - https:\/\/yoast.com\/product\/yoast-seo-wordpress\/ -->\n<title>Endwertung mit Track &amp; Trace-System und Strafpunkten - Kever Events<\/title>\n<meta name=\"robots\" content=\"index, follow, max-snippet:-1, max-image-preview:large, max-video-preview:-1\" \/>\n<link rel=\"canonical\" href=\"https:\/\/keverevents.nl\/de\/endwertung-mit-track-trace-system-und-strafpunkten\/\" \/>\n<meta property=\"og:locale\" content=\"de_DE\" \/>\n<meta property=\"og:type\" content=\"article\" \/>\n<meta property=\"og:title\" content=\"Endwertung mit Track &amp; Trace-System und Strafpunkten - Kever Events\" \/>\n<meta property=\"og:description\" content=\"[vc_row][vc_column][vc_column_text] Erl\u00e4uterung der endg\u00fcltigen Einstufung Oldtimer-Rallye [\/vc_column_text][vc_row_inner][vc_column_inner][vc_column_text] Die Rallye besteht aus 4 Strecken von jeweils etwa einer halben Stunde bis einer Dreiviertelstunde. Jede Route hat ihre eigene Navigationsmethode. Eine Fotoroute, ein Punktpfeil, einander und eine Mystery-Technik. Ziel ist es, die Strecke so genau und sicher wie m\u00f6glich zu fahren und durch Aufgaben am Wegesrand und&hellip;\" \/>\n<meta property=\"og:url\" content=\"https:\/\/keverevents.nl\/de\/endwertung-mit-track-trace-system-und-strafpunkten\/\" \/>\n<meta property=\"og:site_name\" content=\"Kever Events\" \/>\n<meta property=\"article:publisher\" content=\"https:\/\/www.google.com\/search?client=safari&amp;amp%3bamp%3bamp%3brls=en&amp;amp%3bamp%3bamp%3bq=keverevents%20facebook&amp;amp%3bamp%3bamp%3bie=UTF-8&amp;amp%3bamp%3bamp%3boe=UTF-8\" \/>\n<meta property=\"article:modified_time\" content=\"2025-01-16T12:52:23+00:00\" \/>\n<meta property=\"og:image\" content=\"https:\/\/keverevents.nl\/wp-content\/uploads\/2018\/12\/eindklassement.jpg\" \/>\n\t<meta property=\"og:image:width\" content=\"800\" \/>\n\t<meta property=\"og:image:height\" content=\"800\" \/>\n\t<meta property=\"og:image:type\" content=\"image\/jpeg\" \/>\n<meta name=\"twitter:card\" content=\"summary_large_image\" \/>\n<meta name=\"twitter:label1\" content=\"Gesch\u00e4tzte Lesezeit\" \/>\n\t<meta name=\"twitter:data1\" content=\"3\u00a0Minuten\" \/>\n<script type=\"application\/ld+json\" class=\"yoast-schema-graph\">{\"@context\":\"https:\\\/\\\/schema.org\",\"@graph\":[{\"@type\":\"WebPage\",\"@id\":\"https:\\\/\\\/keverevents.nl\\\/de\\\/endwertung-mit-track-trace-system-und-strafpunkten\\\/\",\"url\":\"https:\\\/\\\/keverevents.nl\\\/de\\\/endwertung-mit-track-trace-system-und-strafpunkten\\\/\",\"name\":\"Endwertung mit Track &amp; Trace-System und Strafpunkten - Kever Events\",\"isPartOf\":{\"@id\":\"https:\\\/\\\/keverevents.nl\\\/de\\\/#website\"},\"primaryImageOfPage\":{\"@id\":\"https:\\\/\\\/keverevents.nl\\\/de\\\/endwertung-mit-track-trace-system-und-strafpunkten\\\/#primaryimage\"},\"image\":{\"@id\":\"https:\\\/\\\/keverevents.nl\\\/de\\\/endwertung-mit-track-trace-system-und-strafpunkten\\\/#primaryimage\"},\"thumbnailUrl\":\"https:\\\/\\\/keverevents.nl\\\/wp-content\\\/uploads\\\/2018\\\/12\\\/eindklassement-300x300.jpg\",\"datePublished\":\"2025-01-16T12:52:21+00:00\",\"dateModified\":\"2025-01-16T12:52:23+00:00\",\"inLanguage\":\"de\",\"potentialAction\":[{\"@type\":\"ReadAction\",\"target\":[\"https:\\\/\\\/keverevents.nl\\\/de\\\/endwertung-mit-track-trace-system-und-strafpunkten\\\/\"]}]},{\"@type\":\"ImageObject\",\"inLanguage\":\"de\",\"@id\":\"https:\\\/\\\/keverevents.nl\\\/de\\\/endwertung-mit-track-trace-system-und-strafpunkten\\\/#primaryimage\",\"url\":\"https:\\\/\\\/keverevents.nl\\\/wp-content\\\/uploads\\\/2018\\\/12\\\/eindklassement-300x300.jpg\",\"contentUrl\":\"https:\\\/\\\/keverevents.nl\\\/wp-content\\\/uploads\\\/2018\\\/12\\\/eindklassement-300x300.jpg\"},{\"@type\":\"WebSite\",\"@id\":\"https:\\\/\\\/keverevents.nl\\\/de\\\/#website\",\"url\":\"https:\\\/\\\/keverevents.nl\\\/de\\\/\",\"name\":\"Kever Events\",\"description\":\"Keverrally Volkswagen tour teamuitje\",\"potentialAction\":[{\"@type\":\"SearchAction\",\"target\":{\"@type\":\"EntryPoint\",\"urlTemplate\":\"https:\\\/\\\/keverevents.nl\\\/de\\\/?s={search_term_string}\"},\"query-input\":{\"@type\":\"PropertyValueSpecification\",\"valueRequired\":true,\"valueName\":\"search_term_string\"}}],\"inLanguage\":\"de\"}]}<\/script>\n<!-- \/ Yoast SEO plugin. -->","yoast_head_json":{"title":"Endwertung mit Track &amp; Trace-System und Strafpunkten - Kever Events","robots":{"index":"index","follow":"follow","max-snippet":"max-snippet:-1","max-image-preview":"max-image-preview:large","max-video-preview":"max-video-preview:-1"},"canonical":"https:\/\/keverevents.nl\/de\/endwertung-mit-track-trace-system-und-strafpunkten\/","og_locale":"de_DE","og_type":"article","og_title":"Endwertung mit Track &amp; Trace-System und Strafpunkten - Kever Events","og_description":"[vc_row][vc_column][vc_column_text] Erl\u00e4uterung der endg\u00fcltigen Einstufung Oldtimer-Rallye [\/vc_column_text][vc_row_inner][vc_column_inner][vc_column_text] Die Rallye besteht aus 4 Strecken von jeweils etwa einer halben Stunde bis einer Dreiviertelstunde. Jede Route hat ihre eigene Navigationsmethode. Eine Fotoroute, ein Punktpfeil, einander und eine Mystery-Technik. Ziel ist es, die Strecke so genau und sicher wie m\u00f6glich zu fahren und durch Aufgaben am Wegesrand und&hellip;","og_url":"https:\/\/keverevents.nl\/de\/endwertung-mit-track-trace-system-und-strafpunkten\/","og_site_name":"Kever Events","article_publisher":"https:\/\/www.google.com\/search?client=safari&amp%3bamp%3bamp%3brls=en&amp%3bamp%3bamp%3bq=keverevents%20facebook&amp%3bamp%3bamp%3bie=UTF-8&amp%3bamp%3bamp%3boe=UTF-8","article_modified_time":"2025-01-16T12:52:23+00:00","og_image":[{"width":800,"height":800,"url":"https:\/\/keverevents.nl\/wp-content\/uploads\/2018\/12\/eindklassement.jpg","type":"image\/jpeg"}],"twitter_card":"summary_large_image","twitter_misc":{"Gesch\u00e4tzte Lesezeit":"3\u00a0Minuten"},"schema":{"@context":"https:\/\/schema.org","@graph":[{"@type":"WebPage","@id":"https:\/\/keverevents.nl\/de\/endwertung-mit-track-trace-system-und-strafpunkten\/","url":"https:\/\/keverevents.nl\/de\/endwertung-mit-track-trace-system-und-strafpunkten\/","name":"Endwertung mit Track &amp; Trace-System und Strafpunkten - Kever Events","isPartOf":{"@id":"https:\/\/keverevents.nl\/de\/#website"},"primaryImageOfPage":{"@id":"https:\/\/keverevents.nl\/de\/endwertung-mit-track-trace-system-und-strafpunkten\/#primaryimage"},"image":{"@id":"https:\/\/keverevents.nl\/de\/endwertung-mit-track-trace-system-und-strafpunkten\/#primaryimage"},"thumbnailUrl":"https:\/\/keverevents.nl\/wp-content\/uploads\/2018\/12\/eindklassement-300x300.jpg","datePublished":"2025-01-16T12:52:21+00:00","dateModified":"2025-01-16T12:52:23+00:00","inLanguage":"de","potentialAction":[{"@type":"ReadAction","target":["https:\/\/keverevents.nl\/de\/endwertung-mit-track-trace-system-und-strafpunkten\/"]}]},{"@type":"ImageObject","inLanguage":"de","@id":"https:\/\/keverevents.nl\/de\/endwertung-mit-track-trace-system-und-strafpunkten\/#primaryimage","url":"https:\/\/keverevents.nl\/wp-content\/uploads\/2018\/12\/eindklassement-300x300.jpg","contentUrl":"https:\/\/keverevents.nl\/wp-content\/uploads\/2018\/12\/eindklassement-300x300.jpg"},{"@type":"WebSite","@id":"https:\/\/keverevents.nl\/de\/#website","url":"https:\/\/keverevents.nl\/de\/","name":"Kever Events","description":"Keverrally Volkswagen tour teamuitje","potentialAction":[{"@type":"SearchAction","target":{"@type":"EntryPoint","urlTemplate":"https:\/\/keverevents.nl\/de\/?s={search_term_string}"},"query-input":{"@type":"PropertyValueSpecification","valueRequired":true,"valueName":"search_term_string"}}],"inLanguage":"de"}]}},"_links":{"self":[{"href":"https:\/\/keverevents.nl\/de\/wp-json\/wp\/v2\/pages\/4700","targetHints":{"allow":["GET"]}}],"collection":[{"href":"https:\/\/keverevents.nl\/de\/wp-json\/wp\/v2\/pages"}],"about":[{"href":"https:\/\/keverevents.nl\/de\/wp-json\/wp\/v2\/types\/page"}],"author":[{"embeddable":true,"href":"https:\/\/keverevents.nl\/de\/wp-json\/wp\/v2\/users\/1"}],"replies":[{"embeddable":true,"href":"https:\/\/keverevents.nl\/de\/wp-json\/wp\/v2\/comments?post=4700"}],"version-history":[{"count":1,"href":"https:\/\/keverevents.nl\/de\/wp-json\/wp\/v2\/pages\/4700\/revisions"}],"predecessor-version":[{"id":4704,"href":"https:\/\/keverevents.nl\/de\/wp-json\/wp\/v2\/pages\/4700\/revisions\/4704"}],"wp:attachment":[{"href":"https:\/\/keverevents.nl\/de\/wp-json\/wp\/v2\/media?parent=4700"}],"curies":[{"name":"wp","href":"https:\/\/api.w.org\/{rel}","templated":true}]}}