{"id":4687,"date":"2025-01-16T13:52:19","date_gmt":"2025-01-16T12:52:19","guid":{"rendered":"https:\/\/keverevents.nl\/massgeschneiderte-kaefer-rallye\/"},"modified":"2025-01-16T13:52:23","modified_gmt":"2025-01-16T12:52:23","slug":"massgeschneiderte-kaefer-rallye","status":"publish","type":"page","link":"https:\/\/keverevents.nl\/de\/massgeschneiderte-kaefer-rallye\/","title":{"rendered":"Ma\u00dfgeschneiderte K\u00e4fer-Rallye"},"content":{"rendered":"<div class=\"wpb-content-wrapper\">[vc_row][vc_column][vc_column_text]\n<h2>Ma\u00dfgeschneidertes Rallye-Paket<\/h2>\n<p>Zus\u00e4tzlich zu den von uns bereits ausgearbeiteten Routen ist es von unseren festen Startpl\u00e4tzen aus auch m\u00f6glich, unser K\u00e4fer-Cabrio oder unsere VW-Bus-Rallye von jedem anderen Ort in den Niederlanden, Deutschland, Frankreich, Italien und Belgien starten zu lassen. Mit einem speziellen Autotransport k\u00f6nnen wir unsere authentischen Cabriok\u00e4fer und Volkswagen Transporter zu Ihnen bringen. <\/p>\n<h2><img loading=\"lazy\" decoding=\"async\" class=\"alignright wp-image-3381 size-medium\" src=\"https:\/\/keverevents.nl\/wp-content\/uploads\/2019\/12\/locatie-google-maps-300x177.png\" alt=\"Ma\u00dfgeschneiderte K\u00e4fer-Rallye\" width=\"300\" height=\"177\" srcset=\"https:\/\/keverevents.nl\/wp-content\/uploads\/2019\/12\/locatie-google-maps-300x177.png 300w, https:\/\/keverevents.nl\/wp-content\/uploads\/2019\/12\/locatie-google-maps-768x453.png 768w, https:\/\/keverevents.nl\/wp-content\/uploads\/2019\/12\/locatie-google-maps.png 840w\" sizes=\"auto, (max-width: 300px) 100vw, 300px\" \/><\/h2>\n<h3>Ermittlung des Start- und Endpunkts<\/h3>\n<p>Im Vorfeld Ihrer Veranstaltung stellen wir Ihnen die neuen Routen zusammen. In Absprache mit Ihnen werden die Start- und Endpunkte festgelegt, sowie eventuell lustige und lohnenswerte Zwischenstopps (Checkpoints). Diese Routen werden dann in ein vollfarbiges Roadbook aufgenommen, eventuell erg\u00e4nzt mit unternehmensspezifischen Texten und\/oder Bildern. Auf Wunsch kann auch ein Aufgabenformular mit lustigen und interessanten Fragen (z. B. \u00fcber die Gegend oder \u00fcber Ihre Organisation) und Aufgaben beigef\u00fcgt werden. W\u00e4hrend der Route bieten wir eine Reihe von Stopps an, bei denen Ihnen ein Getr\u00e4nk angeboten wird, und zwei lustige Teamaufgaben. <\/p>\n<h3>Ausf\u00fchrung<\/h3>\n<p>Unsere professionellen Reiseleiter stehen Ihnen den ganzen Tag \u00fcber zur Seite, um unsere sch\u00f6nen Autos zu erkl\u00e4ren, die Teameins\u00e4tze zu \u00fcberwachen, sch\u00f6ne Fotos zu machen und nat\u00fcrlich die endg\u00fcltige Rangliste zu berechnen und die Preise zu vergeben.<\/p>\n<p><b>Gerne stellen wir Ihnen in Absprache mit Ihnen mehrt\u00e4gige Vollverpflegungspakete zusammen.  <\/b><\/p>\n<p>Das macht jede ma\u00dfgeschneiderte K\u00e4fer-Rallye zu einem einzigartigen Teambuilding-Erlebnis. Deshalb kalkulieren wir gerne den genauen Preis f\u00fcr Sie. <\/p>\n<p><b>Mindestteilnehmerzahl: 32<\/b><br \/>\n<b>Nat\u00fcrlich <\/b>CO2-neutral.[\/vc_column_text][\/vc_column][\/vc_row]\n<\/div>","protected":false},"excerpt":{"rendered":"<p>[vc_row][vc_column][vc_column_text] Ma\u00dfgeschneidertes Rallye-Paket Zus\u00e4tzlich zu den von uns bereits ausgearbeiteten Routen ist es von unseren festen Startpl\u00e4tzen aus auch m\u00f6glich, unser K\u00e4fer-Cabrio oder unsere VW-Bus-Rallye von jedem anderen Ort in den Niederlanden, Deutschland, Frankreich, Italien und Belgien starten zu lassen. Mit einem speziellen Autotransport k\u00f6nnen wir unsere authentischen Cabriok\u00e4fer und Volkswagen Transporter zu Ihnen bringen.&hellip;<\/p>\n","protected":false},"author":1,"featured_media":0,"parent":0,"menu_order":0,"comment_status":"closed","ping_status":"closed","template":"","meta":{"_acf_changed":false,"om_disable_all_campaigns":false,"_monsterinsights_skip_tracking":false,"_monsterinsights_sitenote_active":false,"_monsterinsights_sitenote_note":"","_monsterinsights_sitenote_category":0,"_uf_show_specific_survey":0,"_uf_disable_surveys":false,"footnotes":""},"class_list":["post-4687","page","type-page","status-publish","hentry","description-off"],"acf":[],"aioseo_notices":[],"yoast_head":"<!-- This site is optimized with the Yoast SEO plugin v27.5 - https:\/\/yoast.com\/product\/yoast-seo-wordpress\/ -->\n<title>Ma\u00dfgeschneiderte K\u00e4fer-Rallye - Kever Events Teamausflug an jedem Standort<\/title>\n<meta name=\"description\" content=\"K\u00e4fer-Rallye nach Ma\u00df. Jeder gew\u00fcnschte Ort ist f\u00fcr diese K\u00e4fer-Rallye mit VW-Bussen oder den eigenen Oldtimern m\u00f6glich. Der beste Teamausflug im Freien\" \/>\n<meta name=\"robots\" content=\"index, follow, max-snippet:-1, max-image-preview:large, max-video-preview:-1\" \/>\n<link rel=\"canonical\" href=\"https:\/\/keverevents.nl\/de\/massgeschneiderte-kaefer-rallye\/\" \/>\n<meta property=\"og:locale\" content=\"de_DE\" \/>\n<meta property=\"og:type\" content=\"article\" \/>\n<meta property=\"og:title\" content=\"Ma\u00dfgeschneiderte K\u00e4fer-Rallye - Kever Events Teamausflug an jedem Standort\" \/>\n<meta property=\"og:description\" content=\"K\u00e4fer-Rallye nach Ma\u00df. Jeder gew\u00fcnschte Ort ist f\u00fcr diese K\u00e4fer-Rallye mit VW-Bussen oder den eigenen Oldtimern m\u00f6glich. Der beste Teamausflug im Freien\" \/>\n<meta property=\"og:url\" content=\"https:\/\/keverevents.nl\/de\/massgeschneiderte-kaefer-rallye\/\" \/>\n<meta property=\"og:site_name\" content=\"Kever Events\" \/>\n<meta property=\"article:publisher\" content=\"https:\/\/www.google.com\/search?client=safari&amp;amp%3bamp%3bamp%3brls=en&amp;amp%3bamp%3bamp%3bq=keverevents%20facebook&amp;amp%3bamp%3bamp%3bie=UTF-8&amp;amp%3bamp%3bamp%3boe=UTF-8\" \/>\n<meta property=\"article:modified_time\" content=\"2025-01-16T12:52:23+00:00\" \/>\n<meta property=\"og:image\" content=\"https:\/\/keverevents.nl\/wp-content\/uploads\/2019\/12\/locatie-google-maps.png\" \/>\n\t<meta property=\"og:image:width\" content=\"840\" \/>\n\t<meta property=\"og:image:height\" content=\"495\" \/>\n\t<meta property=\"og:image:type\" content=\"image\/png\" \/>\n<meta name=\"twitter:card\" content=\"summary_large_image\" \/>\n<meta name=\"twitter:label1\" content=\"Gesch\u00e4tzte Lesezeit\" \/>\n\t<meta name=\"twitter:data1\" content=\"1\u00a0Minute\" \/>\n<script type=\"application\/ld+json\" class=\"yoast-schema-graph\">{\"@context\":\"https:\\\/\\\/schema.org\",\"@graph\":[{\"@type\":\"WebPage\",\"@id\":\"https:\\\/\\\/keverevents.nl\\\/de\\\/massgeschneiderte-kaefer-rallye\\\/\",\"url\":\"https:\\\/\\\/keverevents.nl\\\/de\\\/massgeschneiderte-kaefer-rallye\\\/\",\"name\":\"Ma\u00dfgeschneiderte K\u00e4fer-Rallye - Kever Events Teamausflug an jedem Standort\",\"isPartOf\":{\"@id\":\"https:\\\/\\\/keverevents.nl\\\/de\\\/#website\"},\"primaryImageOfPage\":{\"@id\":\"https:\\\/\\\/keverevents.nl\\\/de\\\/massgeschneiderte-kaefer-rallye\\\/#primaryimage\"},\"image\":{\"@id\":\"https:\\\/\\\/keverevents.nl\\\/de\\\/massgeschneiderte-kaefer-rallye\\\/#primaryimage\"},\"thumbnailUrl\":\"https:\\\/\\\/keverevents.nl\\\/wp-content\\\/uploads\\\/2019\\\/12\\\/locatie-google-maps-300x177.png\",\"datePublished\":\"2025-01-16T12:52:19+00:00\",\"dateModified\":\"2025-01-16T12:52:23+00:00\",\"description\":\"K\u00e4fer-Rallye nach Ma\u00df. Jeder gew\u00fcnschte Ort ist f\u00fcr diese K\u00e4fer-Rallye mit VW-Bussen oder den eigenen Oldtimern m\u00f6glich. Der beste Teamausflug im Freien\",\"inLanguage\":\"de\",\"potentialAction\":[{\"@type\":\"ReadAction\",\"target\":[\"https:\\\/\\\/keverevents.nl\\\/de\\\/massgeschneiderte-kaefer-rallye\\\/\"]}]},{\"@type\":\"ImageObject\",\"inLanguage\":\"de\",\"@id\":\"https:\\\/\\\/keverevents.nl\\\/de\\\/massgeschneiderte-kaefer-rallye\\\/#primaryimage\",\"url\":\"https:\\\/\\\/keverevents.nl\\\/wp-content\\\/uploads\\\/2019\\\/12\\\/locatie-google-maps-300x177.png\",\"contentUrl\":\"https:\\\/\\\/keverevents.nl\\\/wp-content\\\/uploads\\\/2019\\\/12\\\/locatie-google-maps-300x177.png\"},{\"@type\":\"WebSite\",\"@id\":\"https:\\\/\\\/keverevents.nl\\\/de\\\/#website\",\"url\":\"https:\\\/\\\/keverevents.nl\\\/de\\\/\",\"name\":\"Kever Events\",\"description\":\"Keverrally Volkswagen tour teamuitje\",\"potentialAction\":[{\"@type\":\"SearchAction\",\"target\":{\"@type\":\"EntryPoint\",\"urlTemplate\":\"https:\\\/\\\/keverevents.nl\\\/de\\\/?s={search_term_string}\"},\"query-input\":{\"@type\":\"PropertyValueSpecification\",\"valueRequired\":true,\"valueName\":\"search_term_string\"}}],\"inLanguage\":\"de\"}]}<\/script>\n<!-- \/ Yoast SEO plugin. -->","yoast_head_json":{"title":"Ma\u00dfgeschneiderte K\u00e4fer-Rallye - Kever Events Teamausflug an jedem Standort","description":"K\u00e4fer-Rallye nach Ma\u00df. Jeder gew\u00fcnschte Ort ist f\u00fcr diese K\u00e4fer-Rallye mit VW-Bussen oder den eigenen Oldtimern m\u00f6glich. Der beste Teamausflug im Freien","robots":{"index":"index","follow":"follow","max-snippet":"max-snippet:-1","max-image-preview":"max-image-preview:large","max-video-preview":"max-video-preview:-1"},"canonical":"https:\/\/keverevents.nl\/de\/massgeschneiderte-kaefer-rallye\/","og_locale":"de_DE","og_type":"article","og_title":"Ma\u00dfgeschneiderte K\u00e4fer-Rallye - Kever Events Teamausflug an jedem Standort","og_description":"K\u00e4fer-Rallye nach Ma\u00df. Jeder gew\u00fcnschte Ort ist f\u00fcr diese K\u00e4fer-Rallye mit VW-Bussen oder den eigenen Oldtimern m\u00f6glich. Der beste Teamausflug im Freien","og_url":"https:\/\/keverevents.nl\/de\/massgeschneiderte-kaefer-rallye\/","og_site_name":"Kever Events","article_publisher":"https:\/\/www.google.com\/search?client=safari&amp%3bamp%3bamp%3brls=en&amp%3bamp%3bamp%3bq=keverevents%20facebook&amp%3bamp%3bamp%3bie=UTF-8&amp%3bamp%3bamp%3boe=UTF-8","article_modified_time":"2025-01-16T12:52:23+00:00","og_image":[{"width":840,"height":495,"url":"https:\/\/keverevents.nl\/wp-content\/uploads\/2019\/12\/locatie-google-maps.png","type":"image\/png"}],"twitter_card":"summary_large_image","twitter_misc":{"Gesch\u00e4tzte Lesezeit":"1\u00a0Minute"},"schema":{"@context":"https:\/\/schema.org","@graph":[{"@type":"WebPage","@id":"https:\/\/keverevents.nl\/de\/massgeschneiderte-kaefer-rallye\/","url":"https:\/\/keverevents.nl\/de\/massgeschneiderte-kaefer-rallye\/","name":"Ma\u00dfgeschneiderte K\u00e4fer-Rallye - Kever Events Teamausflug an jedem Standort","isPartOf":{"@id":"https:\/\/keverevents.nl\/de\/#website"},"primaryImageOfPage":{"@id":"https:\/\/keverevents.nl\/de\/massgeschneiderte-kaefer-rallye\/#primaryimage"},"image":{"@id":"https:\/\/keverevents.nl\/de\/massgeschneiderte-kaefer-rallye\/#primaryimage"},"thumbnailUrl":"https:\/\/keverevents.nl\/wp-content\/uploads\/2019\/12\/locatie-google-maps-300x177.png","datePublished":"2025-01-16T12:52:19+00:00","dateModified":"2025-01-16T12:52:23+00:00","description":"K\u00e4fer-Rallye nach Ma\u00df. Jeder gew\u00fcnschte Ort ist f\u00fcr diese K\u00e4fer-Rallye mit VW-Bussen oder den eigenen Oldtimern m\u00f6glich. Der beste Teamausflug im Freien","inLanguage":"de","potentialAction":[{"@type":"ReadAction","target":["https:\/\/keverevents.nl\/de\/massgeschneiderte-kaefer-rallye\/"]}]},{"@type":"ImageObject","inLanguage":"de","@id":"https:\/\/keverevents.nl\/de\/massgeschneiderte-kaefer-rallye\/#primaryimage","url":"https:\/\/keverevents.nl\/wp-content\/uploads\/2019\/12\/locatie-google-maps-300x177.png","contentUrl":"https:\/\/keverevents.nl\/wp-content\/uploads\/2019\/12\/locatie-google-maps-300x177.png"},{"@type":"WebSite","@id":"https:\/\/keverevents.nl\/de\/#website","url":"https:\/\/keverevents.nl\/de\/","name":"Kever Events","description":"Keverrally Volkswagen tour teamuitje","potentialAction":[{"@type":"SearchAction","target":{"@type":"EntryPoint","urlTemplate":"https:\/\/keverevents.nl\/de\/?s={search_term_string}"},"query-input":{"@type":"PropertyValueSpecification","valueRequired":true,"valueName":"search_term_string"}}],"inLanguage":"de"}]}},"_links":{"self":[{"href":"https:\/\/keverevents.nl\/de\/wp-json\/wp\/v2\/pages\/4687","targetHints":{"allow":["GET"]}}],"collection":[{"href":"https:\/\/keverevents.nl\/de\/wp-json\/wp\/v2\/pages"}],"about":[{"href":"https:\/\/keverevents.nl\/de\/wp-json\/wp\/v2\/types\/page"}],"author":[{"embeddable":true,"href":"https:\/\/keverevents.nl\/de\/wp-json\/wp\/v2\/users\/1"}],"replies":[{"embeddable":true,"href":"https:\/\/keverevents.nl\/de\/wp-json\/wp\/v2\/comments?post=4687"}],"version-history":[{"count":1,"href":"https:\/\/keverevents.nl\/de\/wp-json\/wp\/v2\/pages\/4687\/revisions"}],"predecessor-version":[{"id":4691,"href":"https:\/\/keverevents.nl\/de\/wp-json\/wp\/v2\/pages\/4687\/revisions\/4691"}],"wp:attachment":[{"href":"https:\/\/keverevents.nl\/de\/wp-json\/wp\/v2\/media?parent=4687"}],"curies":[{"name":"wp","href":"https:\/\/api.w.org\/{rel}","templated":true}]}}